{"id":890,"date":"2019-06-09T16:26:48","date_gmt":"2019-06-09T16:26:48","guid":{"rendered":"https:\/\/energplus.com\/product\/hea-218cslr-ss\/"},"modified":"2019-10-22T15:51:34","modified_gmt":"2019-10-22T15:51:34","slug":"hea-218cslr-ss","status":"publish","type":"product","link":"https:\/\/energplus.com\/fr\/produit\/hea-218cslr-ss\/","title":{"rendered":"HEA-218CSLR-SS"},"content":{"rendered":"<p>Chauffage infrarouge sur pied avec m\u00e2t t\u00e9lescopique. Il est moins co\u00fbteux \u00e0 utiliser que les appareils de chauffage au propane.<\/p>\n<ul>\n<li>Utilise des prises murales standard de 110V<\/li>\n<li>Fournit 1500 watts de chaleur<\/li>\n<li>T\u00e9l\u00e9commande sans fil<\/li>\n<li>Deux lumi\u00e8res LED ambiantes<\/li>\n<li>2 m\u00e8tres (6\u2019 6\u2019 \u00bb) du poteau de support r\u00e9glable<\/li>\n<li>Il est moins co\u00fbteux \u00e0 utiliser que les appareils de chauffage au propane<\/li>\n<li>Certifi\u00e9 ETL &amp; IP24, prot\u00e9g\u00e9 contre la poussi\u00e8re et la pluie<\/li>\n<\/ul>\n","protected":false},"excerpt":{"rendered":"<p>Chauffage infrarouge sur pied avec m\u00e2t t\u00e9lescopique. Il est moins co\u00fbteux \u00e0 utiliser que les appareils de chauffage au propane. Utilise des prises murales standard de 110V Fournit 1500 watts de chaleur T\u00e9l\u00e9commande sans fil Deux lumi\u00e8res LED ambiantes 2 m\u00e8tres (6\u2019 6\u2019 \u00bb) du poteau de support r\u00e9glable Il est moins co\u00fbteux \u00e0 utiliser [&hellip;]<\/p>\n","protected":false},"featured_media":891,"template":"","meta":{"_acf_changed":false},"product_brand":[],"product_cat":[140],"product_tag":[],"class_list":{"0":"post-890","1":"product","2":"type-product","3":"status-publish","4":"has-post-thumbnail","6":"product_cat-chauffe-terrasse-electrique-pour-lexterieur","8":"first","9":"instock","10":"shipping-taxable","11":"purchasable","12":"product-type-simple"},"acf":[],"yoast_head":"<!-- This site is optimized with the Yoast SEO plugin v25.6 - https:\/\/yoast.com\/wordpress\/plugins\/seo\/ -->\n<title>HEA-218CSLR-SS | EBI EnerG+<\/title>\n<meta name=\"robots\" content=\"index, follow, max-snippet:-1, max-image-preview:large, max-video-preview:-1\" \/>\n<link rel=\"canonical\" href=\"https:\/\/energplus.com\/fr\/produit\/hea-218cslr-ss\/\" \/>\n<meta property=\"og:locale\" content=\"fr_FR\" \/>\n<meta property=\"og:type\" content=\"article\" \/>\n<meta property=\"og:title\" content=\"HEA-218CSLR-SS | EBI EnerG+\" \/>\n<meta property=\"og:description\" content=\"Chauffage infrarouge sur pied avec m\u00e2t t\u00e9lescopique. Il est moins co\u00fbteux \u00e0 utiliser que les appareils de chauffage au propane. Utilise des prises murales standard de 110V Fournit 1500 watts de chaleur T\u00e9l\u00e9commande sans fil Deux lumi\u00e8res LED ambiantes 2 m\u00e8tres (6\u2019 6\u2019 \u00bb) du poteau de support r\u00e9glable Il est moins co\u00fbteux \u00e0 utiliser [&hellip;]\" \/>\n<meta property=\"og:url\" content=\"https:\/\/energplus.com\/fr\/produit\/hea-218cslr-ss\/\" \/>\n<meta property=\"og:site_name\" content=\"EBI EnerG+\" \/>\n<meta property=\"article:publisher\" content=\"https:\/\/www.facebook.com\/ebidistribution\" \/>\n<meta property=\"article:modified_time\" content=\"2019-10-22T15:51:34+00:00\" \/>\n<meta property=\"og:image\" content=\"https:\/\/energplus.com\/wp-content\/uploads\/2019\/06\/HEA-218CSLR-SS.jpg\" \/>\n\t<meta property=\"og:image:width\" content=\"1000\" \/>\n\t<meta property=\"og:image:height\" content=\"999\" \/>\n\t<meta property=\"og:image:type\" content=\"image\/jpeg\" \/>\n<meta name=\"twitter:card\" content=\"summary_large_image\" \/>\n<script type=\"application\/ld+json\" class=\"yoast-schema-graph\">{\"@context\":\"https:\/\/schema.org\",\"@graph\":[{\"@type\":\"WebPage\",\"@id\":\"https:\/\/energplus.com\/fr\/produit\/hea-218cslr-ss\/\",\"url\":\"https:\/\/energplus.com\/fr\/produit\/hea-218cslr-ss\/\",\"name\":\"HEA-218CSLR-SS | EBI EnerG+\",\"isPartOf\":{\"@id\":\"\/#website\"},\"primaryImageOfPage\":{\"@id\":\"https:\/\/energplus.com\/fr\/produit\/hea-218cslr-ss\/#primaryimage\"},\"image\":{\"@id\":\"https:\/\/energplus.com\/fr\/produit\/hea-218cslr-ss\/#primaryimage\"},\"thumbnailUrl\":\"https:\/\/energplus.com\/wp-content\/uploads\/2019\/06\/HEA-218CSLR-SS.jpg\",\"datePublished\":\"2019-06-09T16:26:48+00:00\",\"dateModified\":\"2019-10-22T15:51:34+00:00\",\"breadcrumb\":{\"@id\":\"https:\/\/energplus.com\/fr\/produit\/hea-218cslr-ss\/#breadcrumb\"},\"inLanguage\":\"fr-FR\",\"potentialAction\":[{\"@type\":\"ReadAction\",\"target\":[\"https:\/\/energplus.com\/fr\/produit\/hea-218cslr-ss\/\"]}]},{\"@type\":\"ImageObject\",\"inLanguage\":\"fr-FR\",\"@id\":\"https:\/\/energplus.com\/fr\/produit\/hea-218cslr-ss\/#primaryimage\",\"url\":\"https:\/\/energplus.com\/wp-content\/uploads\/2019\/06\/HEA-218CSLR-SS.jpg\",\"contentUrl\":\"https:\/\/energplus.com\/wp-content\/uploads\/2019\/06\/HEA-218CSLR-SS.jpg\",\"width\":1000,\"height\":999},{\"@type\":\"BreadcrumbList\",\"@id\":\"https:\/\/energplus.com\/fr\/produit\/hea-218cslr-ss\/#breadcrumb\",\"itemListElement\":[{\"@type\":\"ListItem\",\"position\":1,\"name\":\"Home\",\"item\":\"https:\/\/energplus.com\/fr\/\"},{\"@type\":\"ListItem\",\"position\":2,\"name\":\"Chauffe-terrasse \u00e9lectrique pour l\u2019ext\u00e9rieur\",\"item\":\"https:\/\/energplus.com\/fr\/categorie-produit\/chauffe-terrasse-electrique-pour-lexterieur\/\"},{\"@type\":\"ListItem\",\"position\":3,\"name\":\"HEA-218CSLR-SS\"}]},{\"@type\":\"WebSite\",\"@id\":\"\/#website\",\"url\":\"\/\",\"name\":\"EBI EnerG+\",\"description\":\"Extend the good times\",\"publisher\":{\"@id\":\"\/#organization\"},\"potentialAction\":[{\"@type\":\"SearchAction\",\"target\":{\"@type\":\"EntryPoint\",\"urlTemplate\":\"\/?s={search_term_string}\"},\"query-input\":{\"@type\":\"PropertyValueSpecification\",\"valueRequired\":true,\"valueName\":\"search_term_string\"}}],\"inLanguage\":\"fr-FR\"},{\"@type\":\"Organization\",\"@id\":\"\/#organization\",\"name\":\"EBI EnerG+\",\"url\":\"\/\",\"logo\":{\"@type\":\"ImageObject\",\"inLanguage\":\"fr-FR\",\"@id\":\"\/#\/schema\/logo\/image\/\",\"url\":\"https:\/\/energplus.com\/wp-content\/uploads\/2019\/10\/logo-energ.png\",\"contentUrl\":\"https:\/\/energplus.com\/wp-content\/uploads\/2019\/10\/logo-energ.png\",\"width\":242,\"height\":97,\"caption\":\"EBI EnerG+\"},\"image\":{\"@id\":\"\/#\/schema\/logo\/image\/\"},\"sameAs\":[\"https:\/\/www.facebook.com\/ebidistribution\"]}]}<\/script>\n<!-- \/ Yoast SEO plugin. -->","yoast_head_json":{"title":"HEA-218CSLR-SS | EBI EnerG+","robots":{"index":"index","follow":"follow","max-snippet":"max-snippet:-1","max-image-preview":"max-image-preview:large","max-video-preview":"max-video-preview:-1"},"canonical":"https:\/\/energplus.com\/fr\/produit\/hea-218cslr-ss\/","og_locale":"fr_FR","og_type":"article","og_title":"HEA-218CSLR-SS | EBI EnerG+","og_description":"Chauffage infrarouge sur pied avec m\u00e2t t\u00e9lescopique. Il est moins co\u00fbteux \u00e0 utiliser que les appareils de chauffage au propane. Utilise des prises murales standard de 110V Fournit 1500 watts de chaleur T\u00e9l\u00e9commande sans fil Deux lumi\u00e8res LED ambiantes 2 m\u00e8tres (6\u2019 6\u2019 \u00bb) du poteau de support r\u00e9glable Il est moins co\u00fbteux \u00e0 utiliser [&hellip;]","og_url":"https:\/\/energplus.com\/fr\/produit\/hea-218cslr-ss\/","og_site_name":"EBI EnerG+","article_publisher":"https:\/\/www.facebook.com\/ebidistribution","article_modified_time":"2019-10-22T15:51:34+00:00","og_image":[{"width":1000,"height":999,"url":"https:\/\/energplus.com\/wp-content\/uploads\/2019\/06\/HEA-218CSLR-SS.jpg","type":"image\/jpeg"}],"twitter_card":"summary_large_image","schema":{"@context":"https:\/\/schema.org","@graph":[{"@type":"WebPage","@id":"https:\/\/energplus.com\/fr\/produit\/hea-218cslr-ss\/","url":"https:\/\/energplus.com\/fr\/produit\/hea-218cslr-ss\/","name":"HEA-218CSLR-SS | EBI EnerG+","isPartOf":{"@id":"\/#website"},"primaryImageOfPage":{"@id":"https:\/\/energplus.com\/fr\/produit\/hea-218cslr-ss\/#primaryimage"},"image":{"@id":"https:\/\/energplus.com\/fr\/produit\/hea-218cslr-ss\/#primaryimage"},"thumbnailUrl":"https:\/\/energplus.com\/wp-content\/uploads\/2019\/06\/HEA-218CSLR-SS.jpg","datePublished":"2019-06-09T16:26:48+00:00","dateModified":"2019-10-22T15:51:34+00:00","breadcrumb":{"@id":"https:\/\/energplus.com\/fr\/produit\/hea-218cslr-ss\/#breadcrumb"},"inLanguage":"fr-FR","potentialAction":[{"@type":"ReadAction","target":["https:\/\/energplus.com\/fr\/produit\/hea-218cslr-ss\/"]}]},{"@type":"ImageObject","inLanguage":"fr-FR","@id":"https:\/\/energplus.com\/fr\/produit\/hea-218cslr-ss\/#primaryimage","url":"https:\/\/energplus.com\/wp-content\/uploads\/2019\/06\/HEA-218CSLR-SS.jpg","contentUrl":"https:\/\/energplus.com\/wp-content\/uploads\/2019\/06\/HEA-218CSLR-SS.jpg","width":1000,"height":999},{"@type":"BreadcrumbList","@id":"https:\/\/energplus.com\/fr\/produit\/hea-218cslr-ss\/#breadcrumb","itemListElement":[{"@type":"ListItem","position":1,"name":"Home","item":"https:\/\/energplus.com\/fr\/"},{"@type":"ListItem","position":2,"name":"Chauffe-terrasse \u00e9lectrique pour l\u2019ext\u00e9rieur","item":"https:\/\/energplus.com\/fr\/categorie-produit\/chauffe-terrasse-electrique-pour-lexterieur\/"},{"@type":"ListItem","position":3,"name":"HEA-218CSLR-SS"}]},{"@type":"WebSite","@id":"\/#website","url":"\/","name":"EBI EnerG+","description":"Extend the good times","publisher":{"@id":"\/#organization"},"potentialAction":[{"@type":"SearchAction","target":{"@type":"EntryPoint","urlTemplate":"\/?s={search_term_string}"},"query-input":{"@type":"PropertyValueSpecification","valueRequired":true,"valueName":"search_term_string"}}],"inLanguage":"fr-FR"},{"@type":"Organization","@id":"\/#organization","name":"EBI EnerG+","url":"\/","logo":{"@type":"ImageObject","inLanguage":"fr-FR","@id":"\/#\/schema\/logo\/image\/","url":"https:\/\/energplus.com\/wp-content\/uploads\/2019\/10\/logo-energ.png","contentUrl":"https:\/\/energplus.com\/wp-content\/uploads\/2019\/10\/logo-energ.png","width":242,"height":97,"caption":"EBI EnerG+"},"image":{"@id":"\/#\/schema\/logo\/image\/"},"sameAs":["https:\/\/www.facebook.com\/ebidistribution"]}]}},"post_mailing_queue_ids":[],"_links":{"self":[{"href":"https:\/\/energplus.com\/fr\/wp-json\/wp\/v2\/product\/890","targetHints":{"allow":["GET"]}}],"collection":[{"href":"https:\/\/energplus.com\/fr\/wp-json\/wp\/v2\/product"}],"about":[{"href":"https:\/\/energplus.com\/fr\/wp-json\/wp\/v2\/types\/product"}],"wp:featuredmedia":[{"embeddable":true,"href":"https:\/\/energplus.com\/fr\/wp-json\/wp\/v2\/media\/891"}],"wp:attachment":[{"href":"https:\/\/energplus.com\/fr\/wp-json\/wp\/v2\/media?parent=890"}],"wp:term":[{"taxonomy":"product_brand","embeddable":true,"href":"https:\/\/energplus.com\/fr\/wp-json\/wp\/v2\/product_brand?post=890"},{"taxonomy":"product_cat","embeddable":true,"href":"https:\/\/energplus.com\/fr\/wp-json\/wp\/v2\/product_cat?post=890"},{"taxonomy":"product_tag","embeddable":true,"href":"https:\/\/energplus.com\/fr\/wp-json\/wp\/v2\/product_tag?post=890"}],"curies":[{"name":"wp","href":"https:\/\/api.w.org\/{rel}","templated":true}]}}