{"id":609,"date":"2019-06-09T17:14:55","date_gmt":"2019-06-09T17:14:55","guid":{"rendered":"https:\/\/energplus.com\/product\/en657\/"},"modified":"2019-10-07T21:13:23","modified_gmt":"2019-10-07T21:13:23","slug":"en657","status":"publish","type":"product","link":"https:\/\/energplus.com\/fr\/produit\/en657\/","title":{"rendered":"EN657"},"content":{"rendered":"<p>\u00c9loigne les rongeurs ind\u00e9sirables comme les chats, les oiseaux, les cerfs, les taupes, les campagnols et les spermophiles.<\/p>\n<ul>\n<li>Fonctionne jour et nuit<\/li>\n<li>Panneau solaire int\u00e9gr\u00e9 en silicium amorphe<\/li>\n<li>Le d\u00e9tecteur de mouvement active le son d\u00e9sir\u00e9 et \/ ou clignote<\/li>\n<li>Lumi\u00e8re LED contre l&rsquo;animal ind\u00e9sirable<\/li>\n<li>R\u00e9sistant aux intemp\u00e9ries, en plastique ABS durable<\/li>\n<li>Charge m\u00eame en hiver et lorsque la lumi\u00e8re du soleil est basse<\/li>\n<li>Couvre jusqu&rsquo;\u00e0 10 m (30 pieds) \u00e0 110 \u00b0 devant l&rsquo;unit\u00e9<\/li>\n<li>Respectueux de l&rsquo;environnement et s\u00e9curitaire<\/li>\n<li>Pas de co\u00fbts d&rsquo;exploitation<\/li>\n<li>4 piles AA Ni-CD rechargeables 1,2V int\u00e9gr\u00e9es (rempla\u00e7ables par l&rsquo;utilisateur)<\/li>\n<\/ul>\n","protected":false},"excerpt":{"rendered":"<p>\u00c9loigne les rongeurs ind\u00e9sirables comme les chats, les oiseaux, les cerfs, les taupes, les campagnols et les spermophiles. Fonctionne jour et nuit Panneau solaire int\u00e9gr\u00e9 en silicium amorphe Le d\u00e9tecteur de mouvement active le son d\u00e9sir\u00e9 et \/ ou clignote Lumi\u00e8re LED contre l&rsquo;animal ind\u00e9sirable R\u00e9sistant aux intemp\u00e9ries, en plastique ABS durable Charge m\u00eame en [&hellip;]<\/p>\n","protected":false},"featured_media":610,"template":"","meta":{"_acf_changed":false},"product_brand":[],"product_cat":[157],"product_tag":[],"class_list":{"0":"post-609","1":"product","2":"type-product","3":"status-publish","4":"has-post-thumbnail","6":"product_cat-produits-chasse-rongeur-solaire","8":"first","9":"instock","10":"shipping-taxable","11":"purchasable","12":"product-type-simple"},"acf":[],"yoast_head":"<!-- This site is optimized with the Yoast SEO plugin v25.6 - https:\/\/yoast.com\/wordpress\/plugins\/seo\/ -->\n<title>EN657 | EBI EnerG+<\/title>\n<meta name=\"robots\" content=\"index, follow, max-snippet:-1, max-image-preview:large, max-video-preview:-1\" \/>\n<link rel=\"canonical\" href=\"https:\/\/energplus.com\/fr\/produit\/en657\/\" \/>\n<meta property=\"og:locale\" content=\"fr_FR\" \/>\n<meta property=\"og:type\" content=\"article\" \/>\n<meta property=\"og:title\" content=\"EN657 | EBI EnerG+\" \/>\n<meta property=\"og:description\" content=\"\u00c9loigne les rongeurs ind\u00e9sirables comme les chats, les oiseaux, les cerfs, les taupes, les campagnols et les spermophiles. Fonctionne jour et nuit Panneau solaire int\u00e9gr\u00e9 en silicium amorphe Le d\u00e9tecteur de mouvement active le son d\u00e9sir\u00e9 et \/ ou clignote Lumi\u00e8re LED contre l&rsquo;animal ind\u00e9sirable R\u00e9sistant aux intemp\u00e9ries, en plastique ABS durable Charge m\u00eame en [&hellip;]\" \/>\n<meta property=\"og:url\" content=\"https:\/\/energplus.com\/fr\/produit\/en657\/\" \/>\n<meta property=\"og:site_name\" content=\"EBI EnerG+\" \/>\n<meta property=\"article:publisher\" content=\"https:\/\/www.facebook.com\/ebidistribution\" \/>\n<meta property=\"article:modified_time\" content=\"2019-10-07T21:13:23+00:00\" \/>\n<meta property=\"og:image\" content=\"https:\/\/energplus.com\/wp-content\/uploads\/2019\/06\/EN657.jpg\" \/>\n\t<meta property=\"og:image:width\" content=\"1000\" \/>\n\t<meta property=\"og:image:height\" content=\"1000\" \/>\n\t<meta property=\"og:image:type\" content=\"image\/jpeg\" \/>\n<meta name=\"twitter:card\" content=\"summary_large_image\" \/>\n<meta name=\"twitter:label1\" content=\"Dur\u00e9e de lecture estim\u00e9e\" \/>\n\t<meta name=\"twitter:data1\" content=\"1 minute\" \/>\n<script type=\"application\/ld+json\" class=\"yoast-schema-graph\">{\"@context\":\"https:\/\/schema.org\",\"@graph\":[{\"@type\":\"WebPage\",\"@id\":\"https:\/\/energplus.com\/fr\/produit\/en657\/\",\"url\":\"https:\/\/energplus.com\/fr\/produit\/en657\/\",\"name\":\"EN657 | EBI EnerG+\",\"isPartOf\":{\"@id\":\"\/#website\"},\"primaryImageOfPage\":{\"@id\":\"https:\/\/energplus.com\/fr\/produit\/en657\/#primaryimage\"},\"image\":{\"@id\":\"https:\/\/energplus.com\/fr\/produit\/en657\/#primaryimage\"},\"thumbnailUrl\":\"https:\/\/energplus.com\/wp-content\/uploads\/2019\/06\/EN657.jpg\",\"datePublished\":\"2019-06-09T17:14:55+00:00\",\"dateModified\":\"2019-10-07T21:13:23+00:00\",\"breadcrumb\":{\"@id\":\"https:\/\/energplus.com\/fr\/produit\/en657\/#breadcrumb\"},\"inLanguage\":\"fr-FR\",\"potentialAction\":[{\"@type\":\"ReadAction\",\"target\":[\"https:\/\/energplus.com\/fr\/produit\/en657\/\"]}]},{\"@type\":\"ImageObject\",\"inLanguage\":\"fr-FR\",\"@id\":\"https:\/\/energplus.com\/fr\/produit\/en657\/#primaryimage\",\"url\":\"https:\/\/energplus.com\/wp-content\/uploads\/2019\/06\/EN657.jpg\",\"contentUrl\":\"https:\/\/energplus.com\/wp-content\/uploads\/2019\/06\/EN657.jpg\",\"width\":1000,\"height\":1000},{\"@type\":\"BreadcrumbList\",\"@id\":\"https:\/\/energplus.com\/fr\/produit\/en657\/#breadcrumb\",\"itemListElement\":[{\"@type\":\"ListItem\",\"position\":1,\"name\":\"Home\",\"item\":\"https:\/\/energplus.com\/fr\/\"},{\"@type\":\"ListItem\",\"position\":2,\"name\":\"Produits chasse-rongeur solaire\",\"item\":\"https:\/\/energplus.com\/fr\/categorie-produit\/produits-chasse-rongeur-solaire\/\"},{\"@type\":\"ListItem\",\"position\":3,\"name\":\"EN657\"}]},{\"@type\":\"WebSite\",\"@id\":\"\/#website\",\"url\":\"\/\",\"name\":\"EBI EnerG+\",\"description\":\"Extend the good times\",\"publisher\":{\"@id\":\"\/#organization\"},\"potentialAction\":[{\"@type\":\"SearchAction\",\"target\":{\"@type\":\"EntryPoint\",\"urlTemplate\":\"\/?s={search_term_string}\"},\"query-input\":{\"@type\":\"PropertyValueSpecification\",\"valueRequired\":true,\"valueName\":\"search_term_string\"}}],\"inLanguage\":\"fr-FR\"},{\"@type\":\"Organization\",\"@id\":\"\/#organization\",\"name\":\"EBI EnerG+\",\"url\":\"\/\",\"logo\":{\"@type\":\"ImageObject\",\"inLanguage\":\"fr-FR\",\"@id\":\"\/#\/schema\/logo\/image\/\",\"url\":\"https:\/\/energplus.com\/wp-content\/uploads\/2019\/10\/logo-energ.png\",\"contentUrl\":\"https:\/\/energplus.com\/wp-content\/uploads\/2019\/10\/logo-energ.png\",\"width\":242,\"height\":97,\"caption\":\"EBI EnerG+\"},\"image\":{\"@id\":\"\/#\/schema\/logo\/image\/\"},\"sameAs\":[\"https:\/\/www.facebook.com\/ebidistribution\"]}]}<\/script>\n<!-- \/ Yoast SEO plugin. -->","yoast_head_json":{"title":"EN657 | EBI EnerG+","robots":{"index":"index","follow":"follow","max-snippet":"max-snippet:-1","max-image-preview":"max-image-preview:large","max-video-preview":"max-video-preview:-1"},"canonical":"https:\/\/energplus.com\/fr\/produit\/en657\/","og_locale":"fr_FR","og_type":"article","og_title":"EN657 | EBI EnerG+","og_description":"\u00c9loigne les rongeurs ind\u00e9sirables comme les chats, les oiseaux, les cerfs, les taupes, les campagnols et les spermophiles. Fonctionne jour et nuit Panneau solaire int\u00e9gr\u00e9 en silicium amorphe Le d\u00e9tecteur de mouvement active le son d\u00e9sir\u00e9 et \/ ou clignote Lumi\u00e8re LED contre l&rsquo;animal ind\u00e9sirable R\u00e9sistant aux intemp\u00e9ries, en plastique ABS durable Charge m\u00eame en [&hellip;]","og_url":"https:\/\/energplus.com\/fr\/produit\/en657\/","og_site_name":"EBI EnerG+","article_publisher":"https:\/\/www.facebook.com\/ebidistribution","article_modified_time":"2019-10-07T21:13:23+00:00","og_image":[{"width":1000,"height":1000,"url":"https:\/\/energplus.com\/wp-content\/uploads\/2019\/06\/EN657.jpg","type":"image\/jpeg"}],"twitter_card":"summary_large_image","twitter_misc":{"Dur\u00e9e de lecture estim\u00e9e":"1 minute"},"schema":{"@context":"https:\/\/schema.org","@graph":[{"@type":"WebPage","@id":"https:\/\/energplus.com\/fr\/produit\/en657\/","url":"https:\/\/energplus.com\/fr\/produit\/en657\/","name":"EN657 | EBI EnerG+","isPartOf":{"@id":"\/#website"},"primaryImageOfPage":{"@id":"https:\/\/energplus.com\/fr\/produit\/en657\/#primaryimage"},"image":{"@id":"https:\/\/energplus.com\/fr\/produit\/en657\/#primaryimage"},"thumbnailUrl":"https:\/\/energplus.com\/wp-content\/uploads\/2019\/06\/EN657.jpg","datePublished":"2019-06-09T17:14:55+00:00","dateModified":"2019-10-07T21:13:23+00:00","breadcrumb":{"@id":"https:\/\/energplus.com\/fr\/produit\/en657\/#breadcrumb"},"inLanguage":"fr-FR","potentialAction":[{"@type":"ReadAction","target":["https:\/\/energplus.com\/fr\/produit\/en657\/"]}]},{"@type":"ImageObject","inLanguage":"fr-FR","@id":"https:\/\/energplus.com\/fr\/produit\/en657\/#primaryimage","url":"https:\/\/energplus.com\/wp-content\/uploads\/2019\/06\/EN657.jpg","contentUrl":"https:\/\/energplus.com\/wp-content\/uploads\/2019\/06\/EN657.jpg","width":1000,"height":1000},{"@type":"BreadcrumbList","@id":"https:\/\/energplus.com\/fr\/produit\/en657\/#breadcrumb","itemListElement":[{"@type":"ListItem","position":1,"name":"Home","item":"https:\/\/energplus.com\/fr\/"},{"@type":"ListItem","position":2,"name":"Produits chasse-rongeur solaire","item":"https:\/\/energplus.com\/fr\/categorie-produit\/produits-chasse-rongeur-solaire\/"},{"@type":"ListItem","position":3,"name":"EN657"}]},{"@type":"WebSite","@id":"\/#website","url":"\/","name":"EBI EnerG+","description":"Extend the good times","publisher":{"@id":"\/#organization"},"potentialAction":[{"@type":"SearchAction","target":{"@type":"EntryPoint","urlTemplate":"\/?s={search_term_string}"},"query-input":{"@type":"PropertyValueSpecification","valueRequired":true,"valueName":"search_term_string"}}],"inLanguage":"fr-FR"},{"@type":"Organization","@id":"\/#organization","name":"EBI EnerG+","url":"\/","logo":{"@type":"ImageObject","inLanguage":"fr-FR","@id":"\/#\/schema\/logo\/image\/","url":"https:\/\/energplus.com\/wp-content\/uploads\/2019\/10\/logo-energ.png","contentUrl":"https:\/\/energplus.com\/wp-content\/uploads\/2019\/10\/logo-energ.png","width":242,"height":97,"caption":"EBI EnerG+"},"image":{"@id":"\/#\/schema\/logo\/image\/"},"sameAs":["https:\/\/www.facebook.com\/ebidistribution"]}]}},"post_mailing_queue_ids":[],"_links":{"self":[{"href":"https:\/\/energplus.com\/fr\/wp-json\/wp\/v2\/product\/609","targetHints":{"allow":["GET"]}}],"collection":[{"href":"https:\/\/energplus.com\/fr\/wp-json\/wp\/v2\/product"}],"about":[{"href":"https:\/\/energplus.com\/fr\/wp-json\/wp\/v2\/types\/product"}],"wp:featuredmedia":[{"embeddable":true,"href":"https:\/\/energplus.com\/fr\/wp-json\/wp\/v2\/media\/610"}],"wp:attachment":[{"href":"https:\/\/energplus.com\/fr\/wp-json\/wp\/v2\/media?parent=609"}],"wp:term":[{"taxonomy":"product_brand","embeddable":true,"href":"https:\/\/energplus.com\/fr\/wp-json\/wp\/v2\/product_brand?post=609"},{"taxonomy":"product_cat","embeddable":true,"href":"https:\/\/energplus.com\/fr\/wp-json\/wp\/v2\/product_cat?post=609"},{"taxonomy":"product_tag","embeddable":true,"href":"https:\/\/energplus.com\/fr\/wp-json\/wp\/v2\/product_tag?post=609"}],"curies":[{"name":"wp","href":"https:\/\/api.w.org\/{rel}","templated":true}]}}