{"id":587,"date":"2019-08-22T15:00:54","date_gmt":"2019-08-22T15:00:54","guid":{"rendered":"https:\/\/energplus.com\/product\/hea-21531\/"},"modified":"2019-10-16T14:34:29","modified_gmt":"2019-10-16T14:34:29","slug":"hea-21531","status":"publish","type":"product","link":"https:\/\/energplus.com\/fr\/produit\/hea-21531\/","title":{"rendered":"HEA-21531"},"content":{"rendered":"<ul>\n<li>Utilise des prises 110 V standard et fournit 750 ou 1 500 watts de chaleur silencieuse<\/li>\n<li>Peut facilement \u00eatre fix\u00e9 \u00e0 un mur avec le support articul\u00e9 fourni<\/li>\n<li>Essentiellement moins co\u00fbteux \u00e0 utiliser que les appareils de chauffage au propane<\/li>\n<li>Certifi\u00e9 \u00e9lectriquement cETLus et IP44 contre la poussi\u00e8re et la pluie<\/li>\n<li>lampe \u00e0 filament de carbone avec 5000 heures de vie<\/li>\n<li>T\u00e9l\u00e9commande sans fil<\/li>\n<li>Support mural articul\u00e9<\/li>\n<\/ul>\n","protected":false},"excerpt":{"rendered":"<p>Utilise des prises 110 V standard et fournit 750 ou 1 500 watts de chaleur silencieuse Peut facilement \u00eatre fix\u00e9 \u00e0 un mur avec le support articul\u00e9 fourni Essentiellement moins co\u00fbteux \u00e0 utiliser que les appareils de chauffage au propane Certifi\u00e9 \u00e9lectriquement cETLus et IP44 contre la poussi\u00e8re et la pluie lampe \u00e0 filament de [&hellip;]<\/p>\n","protected":false},"featured_media":588,"template":"","meta":{"_acf_changed":false},"product_brand":[],"product_cat":[140],"product_tag":[],"class_list":{"0":"post-587","1":"product","2":"type-product","3":"status-publish","4":"has-post-thumbnail","6":"product_cat-chauffe-terrasse-electrique-pour-lexterieur","8":"first","9":"instock","10":"shipping-taxable","11":"purchasable","12":"product-type-simple"},"acf":[],"yoast_head":"<!-- This site is optimized with the Yoast SEO plugin v25.6 - https:\/\/yoast.com\/wordpress\/plugins\/seo\/ -->\n<title>HEA-21531 | EBI EnerG+<\/title>\n<meta name=\"robots\" content=\"index, follow, max-snippet:-1, max-image-preview:large, max-video-preview:-1\" \/>\n<link rel=\"canonical\" href=\"https:\/\/energplus.com\/fr\/produit\/hea-21531\/\" \/>\n<meta property=\"og:locale\" content=\"fr_FR\" \/>\n<meta property=\"og:type\" content=\"article\" \/>\n<meta property=\"og:title\" content=\"HEA-21531 | EBI EnerG+\" \/>\n<meta property=\"og:description\" content=\"Utilise des prises 110 V standard et fournit 750 ou 1 500 watts de chaleur silencieuse Peut facilement \u00eatre fix\u00e9 \u00e0 un mur avec le support articul\u00e9 fourni Essentiellement moins co\u00fbteux \u00e0 utiliser que les appareils de chauffage au propane Certifi\u00e9 \u00e9lectriquement cETLus et IP44 contre la poussi\u00e8re et la pluie lampe \u00e0 filament de [&hellip;]\" \/>\n<meta property=\"og:url\" content=\"https:\/\/energplus.com\/fr\/produit\/hea-21531\/\" \/>\n<meta property=\"og:site_name\" content=\"EBI EnerG+\" \/>\n<meta property=\"article:publisher\" content=\"https:\/\/www.facebook.com\/ebidistribution\" \/>\n<meta property=\"article:modified_time\" content=\"2019-10-16T14:34:29+00:00\" \/>\n<meta property=\"og:image\" content=\"https:\/\/energplus.com\/wp-content\/uploads\/2019\/08\/HEA-21531-1000X1000.jpg\" \/>\n\t<meta property=\"og:image:width\" content=\"1000\" \/>\n\t<meta property=\"og:image:height\" content=\"1000\" \/>\n\t<meta property=\"og:image:type\" content=\"image\/jpeg\" \/>\n<meta name=\"twitter:card\" content=\"summary_large_image\" \/>\n<script type=\"application\/ld+json\" class=\"yoast-schema-graph\">{\"@context\":\"https:\/\/schema.org\",\"@graph\":[{\"@type\":\"WebPage\",\"@id\":\"https:\/\/energplus.com\/fr\/produit\/hea-21531\/\",\"url\":\"https:\/\/energplus.com\/fr\/produit\/hea-21531\/\",\"name\":\"HEA-21531 | EBI EnerG+\",\"isPartOf\":{\"@id\":\"\/#website\"},\"primaryImageOfPage\":{\"@id\":\"https:\/\/energplus.com\/fr\/produit\/hea-21531\/#primaryimage\"},\"image\":{\"@id\":\"https:\/\/energplus.com\/fr\/produit\/hea-21531\/#primaryimage\"},\"thumbnailUrl\":\"https:\/\/energplus.com\/wp-content\/uploads\/2019\/08\/HEA-21531-1000X1000.jpg\",\"datePublished\":\"2019-08-22T15:00:54+00:00\",\"dateModified\":\"2019-10-16T14:34:29+00:00\",\"breadcrumb\":{\"@id\":\"https:\/\/energplus.com\/fr\/produit\/hea-21531\/#breadcrumb\"},\"inLanguage\":\"fr-FR\",\"potentialAction\":[{\"@type\":\"ReadAction\",\"target\":[\"https:\/\/energplus.com\/fr\/produit\/hea-21531\/\"]}]},{\"@type\":\"ImageObject\",\"inLanguage\":\"fr-FR\",\"@id\":\"https:\/\/energplus.com\/fr\/produit\/hea-21531\/#primaryimage\",\"url\":\"https:\/\/energplus.com\/wp-content\/uploads\/2019\/08\/HEA-21531-1000X1000.jpg\",\"contentUrl\":\"https:\/\/energplus.com\/wp-content\/uploads\/2019\/08\/HEA-21531-1000X1000.jpg\",\"width\":1000,\"height\":1000},{\"@type\":\"BreadcrumbList\",\"@id\":\"https:\/\/energplus.com\/fr\/produit\/hea-21531\/#breadcrumb\",\"itemListElement\":[{\"@type\":\"ListItem\",\"position\":1,\"name\":\"Home\",\"item\":\"https:\/\/energplus.com\/fr\/\"},{\"@type\":\"ListItem\",\"position\":2,\"name\":\"Chauffe-terrasse \u00e9lectrique pour l\u2019ext\u00e9rieur\",\"item\":\"https:\/\/energplus.com\/fr\/categorie-produit\/chauffe-terrasse-electrique-pour-lexterieur\/\"},{\"@type\":\"ListItem\",\"position\":3,\"name\":\"HEA-21531\"}]},{\"@type\":\"WebSite\",\"@id\":\"\/#website\",\"url\":\"\/\",\"name\":\"EBI EnerG+\",\"description\":\"Extend the good times\",\"publisher\":{\"@id\":\"\/#organization\"},\"potentialAction\":[{\"@type\":\"SearchAction\",\"target\":{\"@type\":\"EntryPoint\",\"urlTemplate\":\"\/?s={search_term_string}\"},\"query-input\":{\"@type\":\"PropertyValueSpecification\",\"valueRequired\":true,\"valueName\":\"search_term_string\"}}],\"inLanguage\":\"fr-FR\"},{\"@type\":\"Organization\",\"@id\":\"\/#organization\",\"name\":\"EBI EnerG+\",\"url\":\"\/\",\"logo\":{\"@type\":\"ImageObject\",\"inLanguage\":\"fr-FR\",\"@id\":\"\/#\/schema\/logo\/image\/\",\"url\":\"https:\/\/energplus.com\/wp-content\/uploads\/2019\/10\/logo-energ.png\",\"contentUrl\":\"https:\/\/energplus.com\/wp-content\/uploads\/2019\/10\/logo-energ.png\",\"width\":242,\"height\":97,\"caption\":\"EBI EnerG+\"},\"image\":{\"@id\":\"\/#\/schema\/logo\/image\/\"},\"sameAs\":[\"https:\/\/www.facebook.com\/ebidistribution\"]}]}<\/script>\n<!-- \/ Yoast SEO plugin. -->","yoast_head_json":{"title":"HEA-21531 | EBI EnerG+","robots":{"index":"index","follow":"follow","max-snippet":"max-snippet:-1","max-image-preview":"max-image-preview:large","max-video-preview":"max-video-preview:-1"},"canonical":"https:\/\/energplus.com\/fr\/produit\/hea-21531\/","og_locale":"fr_FR","og_type":"article","og_title":"HEA-21531 | EBI EnerG+","og_description":"Utilise des prises 110 V standard et fournit 750 ou 1 500 watts de chaleur silencieuse Peut facilement \u00eatre fix\u00e9 \u00e0 un mur avec le support articul\u00e9 fourni Essentiellement moins co\u00fbteux \u00e0 utiliser que les appareils de chauffage au propane Certifi\u00e9 \u00e9lectriquement cETLus et IP44 contre la poussi\u00e8re et la pluie lampe \u00e0 filament de [&hellip;]","og_url":"https:\/\/energplus.com\/fr\/produit\/hea-21531\/","og_site_name":"EBI EnerG+","article_publisher":"https:\/\/www.facebook.com\/ebidistribution","article_modified_time":"2019-10-16T14:34:29+00:00","og_image":[{"width":1000,"height":1000,"url":"https:\/\/energplus.com\/wp-content\/uploads\/2019\/08\/HEA-21531-1000X1000.jpg","type":"image\/jpeg"}],"twitter_card":"summary_large_image","schema":{"@context":"https:\/\/schema.org","@graph":[{"@type":"WebPage","@id":"https:\/\/energplus.com\/fr\/produit\/hea-21531\/","url":"https:\/\/energplus.com\/fr\/produit\/hea-21531\/","name":"HEA-21531 | EBI EnerG+","isPartOf":{"@id":"\/#website"},"primaryImageOfPage":{"@id":"https:\/\/energplus.com\/fr\/produit\/hea-21531\/#primaryimage"},"image":{"@id":"https:\/\/energplus.com\/fr\/produit\/hea-21531\/#primaryimage"},"thumbnailUrl":"https:\/\/energplus.com\/wp-content\/uploads\/2019\/08\/HEA-21531-1000X1000.jpg","datePublished":"2019-08-22T15:00:54+00:00","dateModified":"2019-10-16T14:34:29+00:00","breadcrumb":{"@id":"https:\/\/energplus.com\/fr\/produit\/hea-21531\/#breadcrumb"},"inLanguage":"fr-FR","potentialAction":[{"@type":"ReadAction","target":["https:\/\/energplus.com\/fr\/produit\/hea-21531\/"]}]},{"@type":"ImageObject","inLanguage":"fr-FR","@id":"https:\/\/energplus.com\/fr\/produit\/hea-21531\/#primaryimage","url":"https:\/\/energplus.com\/wp-content\/uploads\/2019\/08\/HEA-21531-1000X1000.jpg","contentUrl":"https:\/\/energplus.com\/wp-content\/uploads\/2019\/08\/HEA-21531-1000X1000.jpg","width":1000,"height":1000},{"@type":"BreadcrumbList","@id":"https:\/\/energplus.com\/fr\/produit\/hea-21531\/#breadcrumb","itemListElement":[{"@type":"ListItem","position":1,"name":"Home","item":"https:\/\/energplus.com\/fr\/"},{"@type":"ListItem","position":2,"name":"Chauffe-terrasse \u00e9lectrique pour l\u2019ext\u00e9rieur","item":"https:\/\/energplus.com\/fr\/categorie-produit\/chauffe-terrasse-electrique-pour-lexterieur\/"},{"@type":"ListItem","position":3,"name":"HEA-21531"}]},{"@type":"WebSite","@id":"\/#website","url":"\/","name":"EBI EnerG+","description":"Extend the good times","publisher":{"@id":"\/#organization"},"potentialAction":[{"@type":"SearchAction","target":{"@type":"EntryPoint","urlTemplate":"\/?s={search_term_string}"},"query-input":{"@type":"PropertyValueSpecification","valueRequired":true,"valueName":"search_term_string"}}],"inLanguage":"fr-FR"},{"@type":"Organization","@id":"\/#organization","name":"EBI EnerG+","url":"\/","logo":{"@type":"ImageObject","inLanguage":"fr-FR","@id":"\/#\/schema\/logo\/image\/","url":"https:\/\/energplus.com\/wp-content\/uploads\/2019\/10\/logo-energ.png","contentUrl":"https:\/\/energplus.com\/wp-content\/uploads\/2019\/10\/logo-energ.png","width":242,"height":97,"caption":"EBI EnerG+"},"image":{"@id":"\/#\/schema\/logo\/image\/"},"sameAs":["https:\/\/www.facebook.com\/ebidistribution"]}]}},"post_mailing_queue_ids":[],"_links":{"self":[{"href":"https:\/\/energplus.com\/fr\/wp-json\/wp\/v2\/product\/587","targetHints":{"allow":["GET"]}}],"collection":[{"href":"https:\/\/energplus.com\/fr\/wp-json\/wp\/v2\/product"}],"about":[{"href":"https:\/\/energplus.com\/fr\/wp-json\/wp\/v2\/types\/product"}],"wp:featuredmedia":[{"embeddable":true,"href":"https:\/\/energplus.com\/fr\/wp-json\/wp\/v2\/media\/588"}],"wp:attachment":[{"href":"https:\/\/energplus.com\/fr\/wp-json\/wp\/v2\/media?parent=587"}],"wp:term":[{"taxonomy":"product_brand","embeddable":true,"href":"https:\/\/energplus.com\/fr\/wp-json\/wp\/v2\/product_brand?post=587"},{"taxonomy":"product_cat","embeddable":true,"href":"https:\/\/energplus.com\/fr\/wp-json\/wp\/v2\/product_cat?post=587"},{"taxonomy":"product_tag","embeddable":true,"href":"https:\/\/energplus.com\/fr\/wp-json\/wp\/v2\/product_tag?post=587"}],"curies":[{"name":"wp","href":"https:\/\/api.w.org\/{rel}","templated":true}]}}