{"id":567,"date":"2019-09-12T15:26:52","date_gmt":"2019-09-12T15:26:52","guid":{"rendered":"https:\/\/energplus.com\/product\/hiwc-1500\/"},"modified":"2019-10-16T16:53:44","modified_gmt":"2019-10-16T16:53:44","slug":"hiwc-1500","status":"publish","type":"product","link":"https:\/\/energplus.com\/fr\/produit\/hiwc-1500\/","title":{"rendered":"HIWC-1500"},"content":{"rendered":"<p>Convecteur mural<\/p>\n<ul>\n<li>Compatible avec les thermostats \u00e0 tension de secteur de 240 V<\/li>\n<li>Protection de s\u00e9curit\u00e9 contre les coupures thermiques<\/li>\n<li>Les pi\u00e8ces non mobiles permettent un fonctionnement silencieux et en tout s\u00e9curit\u00e9<\/li>\n<li>Conception murale compacte pour \u00e9conomiser de l&rsquo;espace<\/li>\n<li>Construction en acier de calibre 20 durable avec rev\u00eatement en poudre<\/li>\n<li>Le plug-in est facile \u00e0 installer <\/li>\n<li>Certificat ETL CETL<\/li>\n<\/ul>\n<p>1500 Watts<br \/>\nRecommend surface: 150 sq.ft.<br \/>\nDimension (LxHxL): 28.54\u201d x 17.52\u201d x 4.33\u201d <\/p>\n","protected":false},"excerpt":{"rendered":"<p>Convecteur mural Compatible avec les thermostats \u00e0 tension de secteur de 240 V Protection de s\u00e9curit\u00e9 contre les coupures thermiques Les pi\u00e8ces non mobiles permettent un fonctionnement silencieux et en tout s\u00e9curit\u00e9 Conception murale compacte pour \u00e9conomiser de l&rsquo;espace Construction en acier de calibre 20 durable avec rev\u00eatement en poudre Le plug-in est facile \u00e0 [&hellip;]<\/p>\n","protected":false},"featured_media":475,"template":"","meta":{"_acf_changed":false},"product_brand":[],"product_cat":[127],"product_tag":[],"class_list":{"0":"post-567","1":"product","2":"type-product","3":"status-publish","4":"has-post-thumbnail","6":"product_cat-chauffage-a-convection-pour-linterieur","8":"first","9":"instock","10":"shipping-taxable","11":"purchasable","12":"product-type-simple"},"acf":[],"yoast_head":"<!-- This site is optimized with the Yoast SEO plugin v25.6 - https:\/\/yoast.com\/wordpress\/plugins\/seo\/ -->\n<title>HIWC-1500 | EBI EnerG+<\/title>\n<meta name=\"robots\" content=\"index, follow, max-snippet:-1, max-image-preview:large, max-video-preview:-1\" \/>\n<link rel=\"canonical\" href=\"https:\/\/energplus.com\/fr\/produit\/hiwc-1500\/\" \/>\n<meta property=\"og:locale\" content=\"fr_FR\" \/>\n<meta property=\"og:type\" content=\"article\" \/>\n<meta property=\"og:title\" content=\"HIWC-1500 | EBI EnerG+\" \/>\n<meta property=\"og:description\" content=\"Convecteur mural Compatible avec les thermostats \u00e0 tension de secteur de 240 V Protection de s\u00e9curit\u00e9 contre les coupures thermiques Les pi\u00e8ces non mobiles permettent un fonctionnement silencieux et en tout s\u00e9curit\u00e9 Conception murale compacte pour \u00e9conomiser de l&rsquo;espace Construction en acier de calibre 20 durable avec rev\u00eatement en poudre Le plug-in est facile \u00e0 [&hellip;]\" \/>\n<meta property=\"og:url\" content=\"https:\/\/energplus.com\/fr\/produit\/hiwc-1500\/\" \/>\n<meta property=\"og:site_name\" content=\"EBI EnerG+\" \/>\n<meta property=\"article:publisher\" content=\"https:\/\/www.facebook.com\/ebidistribution\" \/>\n<meta property=\"article:modified_time\" content=\"2019-10-16T16:53:44+00:00\" \/>\n<meta property=\"og:image\" content=\"https:\/\/energplus.com\/wp-content\/uploads\/2019\/09\/ECH102-2000-2.jpg\" \/>\n\t<meta property=\"og:image:width\" content=\"1000\" \/>\n\t<meta property=\"og:image:height\" content=\"1000\" \/>\n\t<meta property=\"og:image:type\" content=\"image\/jpeg\" \/>\n<meta name=\"twitter:card\" content=\"summary_large_image\" \/>\n<script type=\"application\/ld+json\" class=\"yoast-schema-graph\">{\"@context\":\"https:\/\/schema.org\",\"@graph\":[{\"@type\":\"WebPage\",\"@id\":\"https:\/\/energplus.com\/fr\/produit\/hiwc-1500\/\",\"url\":\"https:\/\/energplus.com\/fr\/produit\/hiwc-1500\/\",\"name\":\"HIWC-1500 | EBI EnerG+\",\"isPartOf\":{\"@id\":\"\/#website\"},\"primaryImageOfPage\":{\"@id\":\"https:\/\/energplus.com\/fr\/produit\/hiwc-1500\/#primaryimage\"},\"image\":{\"@id\":\"https:\/\/energplus.com\/fr\/produit\/hiwc-1500\/#primaryimage\"},\"thumbnailUrl\":\"https:\/\/energplus.com\/wp-content\/uploads\/2019\/09\/ECH102-2000-2.jpg\",\"datePublished\":\"2019-09-12T15:26:52+00:00\",\"dateModified\":\"2019-10-16T16:53:44+00:00\",\"breadcrumb\":{\"@id\":\"https:\/\/energplus.com\/fr\/produit\/hiwc-1500\/#breadcrumb\"},\"inLanguage\":\"fr-FR\",\"potentialAction\":[{\"@type\":\"ReadAction\",\"target\":[\"https:\/\/energplus.com\/fr\/produit\/hiwc-1500\/\"]}]},{\"@type\":\"ImageObject\",\"inLanguage\":\"fr-FR\",\"@id\":\"https:\/\/energplus.com\/fr\/produit\/hiwc-1500\/#primaryimage\",\"url\":\"https:\/\/energplus.com\/wp-content\/uploads\/2019\/09\/ECH102-2000-2.jpg\",\"contentUrl\":\"https:\/\/energplus.com\/wp-content\/uploads\/2019\/09\/ECH102-2000-2.jpg\",\"width\":1000,\"height\":1000},{\"@type\":\"BreadcrumbList\",\"@id\":\"https:\/\/energplus.com\/fr\/produit\/hiwc-1500\/#breadcrumb\",\"itemListElement\":[{\"@type\":\"ListItem\",\"position\":1,\"name\":\"Home\",\"item\":\"https:\/\/energplus.com\/fr\/\"},{\"@type\":\"ListItem\",\"position\":2,\"name\":\"Chauffage \u00e0 convection pour l\u2019int\u00e9rieur\",\"item\":\"https:\/\/energplus.com\/fr\/categorie-produit\/chauffage-a-convection-pour-linterieur\/\"},{\"@type\":\"ListItem\",\"position\":3,\"name\":\"HIWC-1500\"}]},{\"@type\":\"WebSite\",\"@id\":\"\/#website\",\"url\":\"\/\",\"name\":\"EBI EnerG+\",\"description\":\"Extend the good times\",\"publisher\":{\"@id\":\"\/#organization\"},\"potentialAction\":[{\"@type\":\"SearchAction\",\"target\":{\"@type\":\"EntryPoint\",\"urlTemplate\":\"\/?s={search_term_string}\"},\"query-input\":{\"@type\":\"PropertyValueSpecification\",\"valueRequired\":true,\"valueName\":\"search_term_string\"}}],\"inLanguage\":\"fr-FR\"},{\"@type\":\"Organization\",\"@id\":\"\/#organization\",\"name\":\"EBI EnerG+\",\"url\":\"\/\",\"logo\":{\"@type\":\"ImageObject\",\"inLanguage\":\"fr-FR\",\"@id\":\"\/#\/schema\/logo\/image\/\",\"url\":\"https:\/\/energplus.com\/wp-content\/uploads\/2019\/10\/logo-energ.png\",\"contentUrl\":\"https:\/\/energplus.com\/wp-content\/uploads\/2019\/10\/logo-energ.png\",\"width\":242,\"height\":97,\"caption\":\"EBI EnerG+\"},\"image\":{\"@id\":\"\/#\/schema\/logo\/image\/\"},\"sameAs\":[\"https:\/\/www.facebook.com\/ebidistribution\"]}]}<\/script>\n<!-- \/ Yoast SEO plugin. -->","yoast_head_json":{"title":"HIWC-1500 | EBI EnerG+","robots":{"index":"index","follow":"follow","max-snippet":"max-snippet:-1","max-image-preview":"max-image-preview:large","max-video-preview":"max-video-preview:-1"},"canonical":"https:\/\/energplus.com\/fr\/produit\/hiwc-1500\/","og_locale":"fr_FR","og_type":"article","og_title":"HIWC-1500 | EBI EnerG+","og_description":"Convecteur mural Compatible avec les thermostats \u00e0 tension de secteur de 240 V Protection de s\u00e9curit\u00e9 contre les coupures thermiques Les pi\u00e8ces non mobiles permettent un fonctionnement silencieux et en tout s\u00e9curit\u00e9 Conception murale compacte pour \u00e9conomiser de l&rsquo;espace Construction en acier de calibre 20 durable avec rev\u00eatement en poudre Le plug-in est facile \u00e0 [&hellip;]","og_url":"https:\/\/energplus.com\/fr\/produit\/hiwc-1500\/","og_site_name":"EBI EnerG+","article_publisher":"https:\/\/www.facebook.com\/ebidistribution","article_modified_time":"2019-10-16T16:53:44+00:00","og_image":[{"width":1000,"height":1000,"url":"https:\/\/energplus.com\/wp-content\/uploads\/2019\/09\/ECH102-2000-2.jpg","type":"image\/jpeg"}],"twitter_card":"summary_large_image","schema":{"@context":"https:\/\/schema.org","@graph":[{"@type":"WebPage","@id":"https:\/\/energplus.com\/fr\/produit\/hiwc-1500\/","url":"https:\/\/energplus.com\/fr\/produit\/hiwc-1500\/","name":"HIWC-1500 | EBI EnerG+","isPartOf":{"@id":"\/#website"},"primaryImageOfPage":{"@id":"https:\/\/energplus.com\/fr\/produit\/hiwc-1500\/#primaryimage"},"image":{"@id":"https:\/\/energplus.com\/fr\/produit\/hiwc-1500\/#primaryimage"},"thumbnailUrl":"https:\/\/energplus.com\/wp-content\/uploads\/2019\/09\/ECH102-2000-2.jpg","datePublished":"2019-09-12T15:26:52+00:00","dateModified":"2019-10-16T16:53:44+00:00","breadcrumb":{"@id":"https:\/\/energplus.com\/fr\/produit\/hiwc-1500\/#breadcrumb"},"inLanguage":"fr-FR","potentialAction":[{"@type":"ReadAction","target":["https:\/\/energplus.com\/fr\/produit\/hiwc-1500\/"]}]},{"@type":"ImageObject","inLanguage":"fr-FR","@id":"https:\/\/energplus.com\/fr\/produit\/hiwc-1500\/#primaryimage","url":"https:\/\/energplus.com\/wp-content\/uploads\/2019\/09\/ECH102-2000-2.jpg","contentUrl":"https:\/\/energplus.com\/wp-content\/uploads\/2019\/09\/ECH102-2000-2.jpg","width":1000,"height":1000},{"@type":"BreadcrumbList","@id":"https:\/\/energplus.com\/fr\/produit\/hiwc-1500\/#breadcrumb","itemListElement":[{"@type":"ListItem","position":1,"name":"Home","item":"https:\/\/energplus.com\/fr\/"},{"@type":"ListItem","position":2,"name":"Chauffage \u00e0 convection pour l\u2019int\u00e9rieur","item":"https:\/\/energplus.com\/fr\/categorie-produit\/chauffage-a-convection-pour-linterieur\/"},{"@type":"ListItem","position":3,"name":"HIWC-1500"}]},{"@type":"WebSite","@id":"\/#website","url":"\/","name":"EBI EnerG+","description":"Extend the good times","publisher":{"@id":"\/#organization"},"potentialAction":[{"@type":"SearchAction","target":{"@type":"EntryPoint","urlTemplate":"\/?s={search_term_string}"},"query-input":{"@type":"PropertyValueSpecification","valueRequired":true,"valueName":"search_term_string"}}],"inLanguage":"fr-FR"},{"@type":"Organization","@id":"\/#organization","name":"EBI EnerG+","url":"\/","logo":{"@type":"ImageObject","inLanguage":"fr-FR","@id":"\/#\/schema\/logo\/image\/","url":"https:\/\/energplus.com\/wp-content\/uploads\/2019\/10\/logo-energ.png","contentUrl":"https:\/\/energplus.com\/wp-content\/uploads\/2019\/10\/logo-energ.png","width":242,"height":97,"caption":"EBI EnerG+"},"image":{"@id":"\/#\/schema\/logo\/image\/"},"sameAs":["https:\/\/www.facebook.com\/ebidistribution"]}]}},"post_mailing_queue_ids":[],"_links":{"self":[{"href":"https:\/\/energplus.com\/fr\/wp-json\/wp\/v2\/product\/567","targetHints":{"allow":["GET"]}}],"collection":[{"href":"https:\/\/energplus.com\/fr\/wp-json\/wp\/v2\/product"}],"about":[{"href":"https:\/\/energplus.com\/fr\/wp-json\/wp\/v2\/types\/product"}],"wp:featuredmedia":[{"embeddable":true,"href":"https:\/\/energplus.com\/fr\/wp-json\/wp\/v2\/media\/475"}],"wp:attachment":[{"href":"https:\/\/energplus.com\/fr\/wp-json\/wp\/v2\/media?parent=567"}],"wp:term":[{"taxonomy":"product_brand","embeddable":true,"href":"https:\/\/energplus.com\/fr\/wp-json\/wp\/v2\/product_brand?post=567"},{"taxonomy":"product_cat","embeddable":true,"href":"https:\/\/energplus.com\/fr\/wp-json\/wp\/v2\/product_cat?post=567"},{"taxonomy":"product_tag","embeddable":true,"href":"https:\/\/energplus.com\/fr\/wp-json\/wp\/v2\/product_tag?post=567"}],"curies":[{"name":"wp","href":"https:\/\/api.w.org\/{rel}","templated":true}]}}