{"id":533,"date":"2019-06-09T17:08:38","date_gmt":"2019-06-09T17:08:38","guid":{"rendered":"https:\/\/energplus.com\/product\/hea-21580-gold\/"},"modified":"2019-10-16T15:28:25","modified_gmt":"2019-10-16T15:28:25","slug":"hea-21580-gold","status":"publish","type":"product","link":"https:\/\/energplus.com\/fr\/produit\/hea-21580-gold\/","title":{"rendered":"HEA-21580-GOLD"},"content":{"rendered":"<ul>\n<li>Appareil prot\u00e9g\u00e9 contre la pluie et la poussi\u00e8re (certifi\u00e9 IP55)<\/li>\n<li>Puissance de 1500 watts<\/li>\n<li>En s\u00e9curit\u00e9 et respectueux de l\u2019environnement. Aucune \u00e9mission de monoxyde de carbone<\/li>\n<li>Chaufferette infrarouge murale avec tube dor\u00e9<\/li>\n<li>Se branche dans une prise 120 volts, 60Hz standard<\/li>\n<li>Cordon d\u2019alimentation de 1,8 m<\/li>\n<li>Support universel inclus<\/li>\n<\/ul>\n","protected":false},"excerpt":{"rendered":"<p>Appareil prot\u00e9g\u00e9 contre la pluie et la poussi\u00e8re (certifi\u00e9 IP55) Puissance de 1500 watts En s\u00e9curit\u00e9 et respectueux de l\u2019environnement. Aucune \u00e9mission de monoxyde de carbone Chaufferette infrarouge murale avec tube dor\u00e9 Se branche dans une prise 120 volts, 60Hz standard Cordon d\u2019alimentation de 1,8 m Support universel inclus<\/p>\n","protected":false},"featured_media":534,"template":"","meta":{"_acf_changed":false},"product_brand":[],"product_cat":[140],"product_tag":[],"class_list":{"0":"post-533","1":"product","2":"type-product","3":"status-publish","4":"has-post-thumbnail","6":"product_cat-chauffe-terrasse-electrique-pour-lexterieur","8":"first","9":"instock","10":"shipping-taxable","11":"purchasable","12":"product-type-simple"},"acf":[],"yoast_head":"<!-- This site is optimized with the Yoast SEO plugin v25.6 - https:\/\/yoast.com\/wordpress\/plugins\/seo\/ -->\n<title>HEA-21580-GOLD | EBI EnerG+<\/title>\n<meta name=\"robots\" content=\"index, follow, max-snippet:-1, max-image-preview:large, max-video-preview:-1\" \/>\n<link rel=\"canonical\" href=\"https:\/\/energplus.com\/fr\/produit\/hea-21580-gold\/\" \/>\n<meta property=\"og:locale\" content=\"fr_FR\" \/>\n<meta property=\"og:type\" content=\"article\" \/>\n<meta property=\"og:title\" content=\"HEA-21580-GOLD | EBI EnerG+\" \/>\n<meta property=\"og:description\" content=\"Appareil prot\u00e9g\u00e9 contre la pluie et la poussi\u00e8re (certifi\u00e9 IP55) Puissance de 1500 watts En s\u00e9curit\u00e9 et respectueux de l\u2019environnement. Aucune \u00e9mission de monoxyde de carbone Chaufferette infrarouge murale avec tube dor\u00e9 Se branche dans une prise 120 volts, 60Hz standard Cordon d\u2019alimentation de 1,8 m Support universel inclus\" \/>\n<meta property=\"og:url\" content=\"https:\/\/energplus.com\/fr\/produit\/hea-21580-gold\/\" \/>\n<meta property=\"og:site_name\" content=\"EBI EnerG+\" \/>\n<meta property=\"article:publisher\" content=\"https:\/\/www.facebook.com\/ebidistribution\" \/>\n<meta property=\"article:modified_time\" content=\"2019-10-16T15:28:25+00:00\" \/>\n<meta property=\"og:image\" content=\"https:\/\/energplus.com\/wp-content\/uploads\/2019\/06\/HEA-21580-gold.jpg\" \/>\n\t<meta property=\"og:image:width\" content=\"1000\" \/>\n\t<meta property=\"og:image:height\" content=\"1000\" \/>\n\t<meta property=\"og:image:type\" content=\"image\/jpeg\" \/>\n<meta name=\"twitter:card\" content=\"summary_large_image\" \/>\n<script type=\"application\/ld+json\" class=\"yoast-schema-graph\">{\"@context\":\"https:\/\/schema.org\",\"@graph\":[{\"@type\":\"WebPage\",\"@id\":\"https:\/\/energplus.com\/fr\/produit\/hea-21580-gold\/\",\"url\":\"https:\/\/energplus.com\/fr\/produit\/hea-21580-gold\/\",\"name\":\"HEA-21580-GOLD | EBI EnerG+\",\"isPartOf\":{\"@id\":\"\/#website\"},\"primaryImageOfPage\":{\"@id\":\"https:\/\/energplus.com\/fr\/produit\/hea-21580-gold\/#primaryimage\"},\"image\":{\"@id\":\"https:\/\/energplus.com\/fr\/produit\/hea-21580-gold\/#primaryimage\"},\"thumbnailUrl\":\"https:\/\/energplus.com\/wp-content\/uploads\/2019\/06\/HEA-21580-gold.jpg\",\"datePublished\":\"2019-06-09T17:08:38+00:00\",\"dateModified\":\"2019-10-16T15:28:25+00:00\",\"breadcrumb\":{\"@id\":\"https:\/\/energplus.com\/fr\/produit\/hea-21580-gold\/#breadcrumb\"},\"inLanguage\":\"fr-FR\",\"potentialAction\":[{\"@type\":\"ReadAction\",\"target\":[\"https:\/\/energplus.com\/fr\/produit\/hea-21580-gold\/\"]}]},{\"@type\":\"ImageObject\",\"inLanguage\":\"fr-FR\",\"@id\":\"https:\/\/energplus.com\/fr\/produit\/hea-21580-gold\/#primaryimage\",\"url\":\"https:\/\/energplus.com\/wp-content\/uploads\/2019\/06\/HEA-21580-gold.jpg\",\"contentUrl\":\"https:\/\/energplus.com\/wp-content\/uploads\/2019\/06\/HEA-21580-gold.jpg\",\"width\":1000,\"height\":1000},{\"@type\":\"BreadcrumbList\",\"@id\":\"https:\/\/energplus.com\/fr\/produit\/hea-21580-gold\/#breadcrumb\",\"itemListElement\":[{\"@type\":\"ListItem\",\"position\":1,\"name\":\"Home\",\"item\":\"https:\/\/energplus.com\/fr\/\"},{\"@type\":\"ListItem\",\"position\":2,\"name\":\"Chauffe-terrasse \u00e9lectrique pour l\u2019ext\u00e9rieur\",\"item\":\"https:\/\/energplus.com\/fr\/categorie-produit\/chauffe-terrasse-electrique-pour-lexterieur\/\"},{\"@type\":\"ListItem\",\"position\":3,\"name\":\"HEA-21580-GOLD\"}]},{\"@type\":\"WebSite\",\"@id\":\"\/#website\",\"url\":\"\/\",\"name\":\"EBI EnerG+\",\"description\":\"Extend the good times\",\"publisher\":{\"@id\":\"\/#organization\"},\"potentialAction\":[{\"@type\":\"SearchAction\",\"target\":{\"@type\":\"EntryPoint\",\"urlTemplate\":\"\/?s={search_term_string}\"},\"query-input\":{\"@type\":\"PropertyValueSpecification\",\"valueRequired\":true,\"valueName\":\"search_term_string\"}}],\"inLanguage\":\"fr-FR\"},{\"@type\":\"Organization\",\"@id\":\"\/#organization\",\"name\":\"EBI EnerG+\",\"url\":\"\/\",\"logo\":{\"@type\":\"ImageObject\",\"inLanguage\":\"fr-FR\",\"@id\":\"\/#\/schema\/logo\/image\/\",\"url\":\"https:\/\/energplus.com\/wp-content\/uploads\/2019\/10\/logo-energ.png\",\"contentUrl\":\"https:\/\/energplus.com\/wp-content\/uploads\/2019\/10\/logo-energ.png\",\"width\":242,\"height\":97,\"caption\":\"EBI EnerG+\"},\"image\":{\"@id\":\"\/#\/schema\/logo\/image\/\"},\"sameAs\":[\"https:\/\/www.facebook.com\/ebidistribution\"]}]}<\/script>\n<!-- \/ Yoast SEO plugin. -->","yoast_head_json":{"title":"HEA-21580-GOLD | EBI EnerG+","robots":{"index":"index","follow":"follow","max-snippet":"max-snippet:-1","max-image-preview":"max-image-preview:large","max-video-preview":"max-video-preview:-1"},"canonical":"https:\/\/energplus.com\/fr\/produit\/hea-21580-gold\/","og_locale":"fr_FR","og_type":"article","og_title":"HEA-21580-GOLD | EBI EnerG+","og_description":"Appareil prot\u00e9g\u00e9 contre la pluie et la poussi\u00e8re (certifi\u00e9 IP55) Puissance de 1500 watts En s\u00e9curit\u00e9 et respectueux de l\u2019environnement. Aucune \u00e9mission de monoxyde de carbone Chaufferette infrarouge murale avec tube dor\u00e9 Se branche dans une prise 120 volts, 60Hz standard Cordon d\u2019alimentation de 1,8 m Support universel inclus","og_url":"https:\/\/energplus.com\/fr\/produit\/hea-21580-gold\/","og_site_name":"EBI EnerG+","article_publisher":"https:\/\/www.facebook.com\/ebidistribution","article_modified_time":"2019-10-16T15:28:25+00:00","og_image":[{"width":1000,"height":1000,"url":"https:\/\/energplus.com\/wp-content\/uploads\/2019\/06\/HEA-21580-gold.jpg","type":"image\/jpeg"}],"twitter_card":"summary_large_image","schema":{"@context":"https:\/\/schema.org","@graph":[{"@type":"WebPage","@id":"https:\/\/energplus.com\/fr\/produit\/hea-21580-gold\/","url":"https:\/\/energplus.com\/fr\/produit\/hea-21580-gold\/","name":"HEA-21580-GOLD | EBI EnerG+","isPartOf":{"@id":"\/#website"},"primaryImageOfPage":{"@id":"https:\/\/energplus.com\/fr\/produit\/hea-21580-gold\/#primaryimage"},"image":{"@id":"https:\/\/energplus.com\/fr\/produit\/hea-21580-gold\/#primaryimage"},"thumbnailUrl":"https:\/\/energplus.com\/wp-content\/uploads\/2019\/06\/HEA-21580-gold.jpg","datePublished":"2019-06-09T17:08:38+00:00","dateModified":"2019-10-16T15:28:25+00:00","breadcrumb":{"@id":"https:\/\/energplus.com\/fr\/produit\/hea-21580-gold\/#breadcrumb"},"inLanguage":"fr-FR","potentialAction":[{"@type":"ReadAction","target":["https:\/\/energplus.com\/fr\/produit\/hea-21580-gold\/"]}]},{"@type":"ImageObject","inLanguage":"fr-FR","@id":"https:\/\/energplus.com\/fr\/produit\/hea-21580-gold\/#primaryimage","url":"https:\/\/energplus.com\/wp-content\/uploads\/2019\/06\/HEA-21580-gold.jpg","contentUrl":"https:\/\/energplus.com\/wp-content\/uploads\/2019\/06\/HEA-21580-gold.jpg","width":1000,"height":1000},{"@type":"BreadcrumbList","@id":"https:\/\/energplus.com\/fr\/produit\/hea-21580-gold\/#breadcrumb","itemListElement":[{"@type":"ListItem","position":1,"name":"Home","item":"https:\/\/energplus.com\/fr\/"},{"@type":"ListItem","position":2,"name":"Chauffe-terrasse \u00e9lectrique pour l\u2019ext\u00e9rieur","item":"https:\/\/energplus.com\/fr\/categorie-produit\/chauffe-terrasse-electrique-pour-lexterieur\/"},{"@type":"ListItem","position":3,"name":"HEA-21580-GOLD"}]},{"@type":"WebSite","@id":"\/#website","url":"\/","name":"EBI EnerG+","description":"Extend the good times","publisher":{"@id":"\/#organization"},"potentialAction":[{"@type":"SearchAction","target":{"@type":"EntryPoint","urlTemplate":"\/?s={search_term_string}"},"query-input":{"@type":"PropertyValueSpecification","valueRequired":true,"valueName":"search_term_string"}}],"inLanguage":"fr-FR"},{"@type":"Organization","@id":"\/#organization","name":"EBI EnerG+","url":"\/","logo":{"@type":"ImageObject","inLanguage":"fr-FR","@id":"\/#\/schema\/logo\/image\/","url":"https:\/\/energplus.com\/wp-content\/uploads\/2019\/10\/logo-energ.png","contentUrl":"https:\/\/energplus.com\/wp-content\/uploads\/2019\/10\/logo-energ.png","width":242,"height":97,"caption":"EBI EnerG+"},"image":{"@id":"\/#\/schema\/logo\/image\/"},"sameAs":["https:\/\/www.facebook.com\/ebidistribution"]}]}},"post_mailing_queue_ids":[],"_links":{"self":[{"href":"https:\/\/energplus.com\/fr\/wp-json\/wp\/v2\/product\/533","targetHints":{"allow":["GET"]}}],"collection":[{"href":"https:\/\/energplus.com\/fr\/wp-json\/wp\/v2\/product"}],"about":[{"href":"https:\/\/energplus.com\/fr\/wp-json\/wp\/v2\/types\/product"}],"wp:featuredmedia":[{"embeddable":true,"href":"https:\/\/energplus.com\/fr\/wp-json\/wp\/v2\/media\/534"}],"wp:attachment":[{"href":"https:\/\/energplus.com\/fr\/wp-json\/wp\/v2\/media?parent=533"}],"wp:term":[{"taxonomy":"product_brand","embeddable":true,"href":"https:\/\/energplus.com\/fr\/wp-json\/wp\/v2\/product_brand?post=533"},{"taxonomy":"product_cat","embeddable":true,"href":"https:\/\/energplus.com\/fr\/wp-json\/wp\/v2\/product_cat?post=533"},{"taxonomy":"product_tag","embeddable":true,"href":"https:\/\/energplus.com\/fr\/wp-json\/wp\/v2\/product_tag?post=533"}],"curies":[{"name":"wp","href":"https:\/\/api.w.org\/{rel}","templated":true}]}}