{"id":529,"date":"2019-06-09T17:05:48","date_gmt":"2019-06-09T17:05:48","guid":{"rendered":"https:\/\/energplus.com\/product\/hea-23046-wm-rm\/"},"modified":"2019-10-08T19:15:19","modified_gmt":"2019-10-08T19:15:19","slug":"hea-23046-wm-rm","status":"publish","type":"product","link":"https:\/\/energplus.com\/fr\/produit\/hea-23046-wm-rm\/","title":{"rendered":"HEA-23046-WM-RM"},"content":{"rendered":"<p>Elle produit une puissance de 1500 ou 3000 watts (10 200 BTU).<br \/>\nSa nouvelle ampoule DOR\u00c9E produit plus de chaleur que les autres chaufferettes qui utilisent des filaments de carbone. Elle est beaucoup moins ch\u00e8re \u00e0 utiliser qu\u2019une chaufferette au propane. Elle est aussi beaucoup plus pratique. S\u00e9curitaire et respectueuse de l\u2019environnement. Aucune \u00e9mission de monoxyde de carbone.<\/p>\n<ul>\n<li>Elle se branche dans une prise murale de 240 volts, 60Hz<\/li>\n<li>Certifi\u00e9e IP54<\/li>\n<li>Elle utilise une ampoule filamentaire au carbone \u00e0 infrarouge de longue dur\u00e9e de vie (5000 heures)<\/li>\n<li>Elle est peu affect\u00e9e par le vent et est totalement silencieuse<\/li>\n<li>Elle est fournie avec un support de montage<\/li>\n<li>Elle est fournie avec un cordon de 1.8 M<\/li>\n<li>Une t\u00e9l\u00e9commande tr\u00e8s pratique est aussi fournie<\/li>\n<\/ul>\n","protected":false},"excerpt":{"rendered":"<p>Elle produit une puissance de 1500 ou 3000 watts (10 200 BTU). Sa nouvelle ampoule DOR\u00c9E produit plus de chaleur que les autres chaufferettes qui utilisent des filaments de carbone. Elle est beaucoup moins ch\u00e8re \u00e0 utiliser qu\u2019une chaufferette au propane. Elle est aussi beaucoup plus pratique. S\u00e9curitaire et respectueuse de l\u2019environnement. Aucune \u00e9mission de [&hellip;]<\/p>\n","protected":false},"featured_media":530,"template":"","meta":{"_acf_changed":false},"product_brand":[],"product_cat":[140],"product_tag":[],"class_list":{"0":"post-529","1":"product","2":"type-product","3":"status-publish","4":"has-post-thumbnail","6":"product_cat-chauffe-terrasse-electrique-pour-lexterieur","8":"first","9":"instock","10":"shipping-taxable","11":"purchasable","12":"product-type-simple"},"acf":[],"yoast_head":"<!-- This site is optimized with the Yoast SEO plugin v25.6 - https:\/\/yoast.com\/wordpress\/plugins\/seo\/ -->\n<title>HEA-23046-WM-RM | EBI EnerG+<\/title>\n<meta name=\"robots\" content=\"index, follow, max-snippet:-1, max-image-preview:large, max-video-preview:-1\" \/>\n<link rel=\"canonical\" href=\"https:\/\/energplus.com\/fr\/produit\/hea-23046-wm-rm\/\" \/>\n<meta property=\"og:locale\" content=\"fr_FR\" \/>\n<meta property=\"og:type\" content=\"article\" \/>\n<meta property=\"og:title\" content=\"HEA-23046-WM-RM | EBI EnerG+\" \/>\n<meta property=\"og:description\" content=\"Elle produit une puissance de 1500 ou 3000 watts (10 200 BTU). Sa nouvelle ampoule DOR\u00c9E produit plus de chaleur que les autres chaufferettes qui utilisent des filaments de carbone. Elle est beaucoup moins ch\u00e8re \u00e0 utiliser qu\u2019une chaufferette au propane. Elle est aussi beaucoup plus pratique. S\u00e9curitaire et respectueuse de l\u2019environnement. Aucune \u00e9mission de [&hellip;]\" \/>\n<meta property=\"og:url\" content=\"https:\/\/energplus.com\/fr\/produit\/hea-23046-wm-rm\/\" \/>\n<meta property=\"og:site_name\" content=\"EBI EnerG+\" \/>\n<meta property=\"article:publisher\" content=\"https:\/\/www.facebook.com\/ebidistribution\" \/>\n<meta property=\"article:modified_time\" content=\"2019-10-08T19:15:19+00:00\" \/>\n<meta property=\"og:image\" content=\"https:\/\/energplus.com\/wp-content\/uploads\/2019\/06\/HEA-23046-WM-RM.jpg\" \/>\n\t<meta property=\"og:image:width\" content=\"1000\" \/>\n\t<meta property=\"og:image:height\" content=\"1000\" \/>\n\t<meta property=\"og:image:type\" content=\"image\/jpeg\" \/>\n<meta name=\"twitter:card\" content=\"summary_large_image\" \/>\n<meta name=\"twitter:label1\" content=\"Dur\u00e9e de lecture estim\u00e9e\" \/>\n\t<meta name=\"twitter:data1\" content=\"1 minute\" \/>\n<script type=\"application\/ld+json\" class=\"yoast-schema-graph\">{\"@context\":\"https:\/\/schema.org\",\"@graph\":[{\"@type\":\"WebPage\",\"@id\":\"https:\/\/energplus.com\/fr\/produit\/hea-23046-wm-rm\/\",\"url\":\"https:\/\/energplus.com\/fr\/produit\/hea-23046-wm-rm\/\",\"name\":\"HEA-23046-WM-RM | EBI EnerG+\",\"isPartOf\":{\"@id\":\"\/#website\"},\"primaryImageOfPage\":{\"@id\":\"https:\/\/energplus.com\/fr\/produit\/hea-23046-wm-rm\/#primaryimage\"},\"image\":{\"@id\":\"https:\/\/energplus.com\/fr\/produit\/hea-23046-wm-rm\/#primaryimage\"},\"thumbnailUrl\":\"https:\/\/energplus.com\/wp-content\/uploads\/2019\/06\/HEA-23046-WM-RM.jpg\",\"datePublished\":\"2019-06-09T17:05:48+00:00\",\"dateModified\":\"2019-10-08T19:15:19+00:00\",\"breadcrumb\":{\"@id\":\"https:\/\/energplus.com\/fr\/produit\/hea-23046-wm-rm\/#breadcrumb\"},\"inLanguage\":\"fr-FR\",\"potentialAction\":[{\"@type\":\"ReadAction\",\"target\":[\"https:\/\/energplus.com\/fr\/produit\/hea-23046-wm-rm\/\"]}]},{\"@type\":\"ImageObject\",\"inLanguage\":\"fr-FR\",\"@id\":\"https:\/\/energplus.com\/fr\/produit\/hea-23046-wm-rm\/#primaryimage\",\"url\":\"https:\/\/energplus.com\/wp-content\/uploads\/2019\/06\/HEA-23046-WM-RM.jpg\",\"contentUrl\":\"https:\/\/energplus.com\/wp-content\/uploads\/2019\/06\/HEA-23046-WM-RM.jpg\",\"width\":1000,\"height\":1000},{\"@type\":\"BreadcrumbList\",\"@id\":\"https:\/\/energplus.com\/fr\/produit\/hea-23046-wm-rm\/#breadcrumb\",\"itemListElement\":[{\"@type\":\"ListItem\",\"position\":1,\"name\":\"Home\",\"item\":\"https:\/\/energplus.com\/fr\/\"},{\"@type\":\"ListItem\",\"position\":2,\"name\":\"Chauffe-terrasse \u00e9lectrique pour l\u2019ext\u00e9rieur\",\"item\":\"https:\/\/energplus.com\/fr\/categorie-produit\/chauffe-terrasse-electrique-pour-lexterieur\/\"},{\"@type\":\"ListItem\",\"position\":3,\"name\":\"HEA-23046-WM-RM\"}]},{\"@type\":\"WebSite\",\"@id\":\"\/#website\",\"url\":\"\/\",\"name\":\"EBI EnerG+\",\"description\":\"Extend the good times\",\"publisher\":{\"@id\":\"\/#organization\"},\"potentialAction\":[{\"@type\":\"SearchAction\",\"target\":{\"@type\":\"EntryPoint\",\"urlTemplate\":\"\/?s={search_term_string}\"},\"query-input\":{\"@type\":\"PropertyValueSpecification\",\"valueRequired\":true,\"valueName\":\"search_term_string\"}}],\"inLanguage\":\"fr-FR\"},{\"@type\":\"Organization\",\"@id\":\"\/#organization\",\"name\":\"EBI EnerG+\",\"url\":\"\/\",\"logo\":{\"@type\":\"ImageObject\",\"inLanguage\":\"fr-FR\",\"@id\":\"\/#\/schema\/logo\/image\/\",\"url\":\"https:\/\/energplus.com\/wp-content\/uploads\/2019\/10\/logo-energ.png\",\"contentUrl\":\"https:\/\/energplus.com\/wp-content\/uploads\/2019\/10\/logo-energ.png\",\"width\":242,\"height\":97,\"caption\":\"EBI EnerG+\"},\"image\":{\"@id\":\"\/#\/schema\/logo\/image\/\"},\"sameAs\":[\"https:\/\/www.facebook.com\/ebidistribution\"]}]}<\/script>\n<!-- \/ Yoast SEO plugin. -->","yoast_head_json":{"title":"HEA-23046-WM-RM | EBI EnerG+","robots":{"index":"index","follow":"follow","max-snippet":"max-snippet:-1","max-image-preview":"max-image-preview:large","max-video-preview":"max-video-preview:-1"},"canonical":"https:\/\/energplus.com\/fr\/produit\/hea-23046-wm-rm\/","og_locale":"fr_FR","og_type":"article","og_title":"HEA-23046-WM-RM | EBI EnerG+","og_description":"Elle produit une puissance de 1500 ou 3000 watts (10 200 BTU). Sa nouvelle ampoule DOR\u00c9E produit plus de chaleur que les autres chaufferettes qui utilisent des filaments de carbone. Elle est beaucoup moins ch\u00e8re \u00e0 utiliser qu\u2019une chaufferette au propane. Elle est aussi beaucoup plus pratique. S\u00e9curitaire et respectueuse de l\u2019environnement. Aucune \u00e9mission de [&hellip;]","og_url":"https:\/\/energplus.com\/fr\/produit\/hea-23046-wm-rm\/","og_site_name":"EBI EnerG+","article_publisher":"https:\/\/www.facebook.com\/ebidistribution","article_modified_time":"2019-10-08T19:15:19+00:00","og_image":[{"width":1000,"height":1000,"url":"https:\/\/energplus.com\/wp-content\/uploads\/2019\/06\/HEA-23046-WM-RM.jpg","type":"image\/jpeg"}],"twitter_card":"summary_large_image","twitter_misc":{"Dur\u00e9e de lecture estim\u00e9e":"1 minute"},"schema":{"@context":"https:\/\/schema.org","@graph":[{"@type":"WebPage","@id":"https:\/\/energplus.com\/fr\/produit\/hea-23046-wm-rm\/","url":"https:\/\/energplus.com\/fr\/produit\/hea-23046-wm-rm\/","name":"HEA-23046-WM-RM | EBI EnerG+","isPartOf":{"@id":"\/#website"},"primaryImageOfPage":{"@id":"https:\/\/energplus.com\/fr\/produit\/hea-23046-wm-rm\/#primaryimage"},"image":{"@id":"https:\/\/energplus.com\/fr\/produit\/hea-23046-wm-rm\/#primaryimage"},"thumbnailUrl":"https:\/\/energplus.com\/wp-content\/uploads\/2019\/06\/HEA-23046-WM-RM.jpg","datePublished":"2019-06-09T17:05:48+00:00","dateModified":"2019-10-08T19:15:19+00:00","breadcrumb":{"@id":"https:\/\/energplus.com\/fr\/produit\/hea-23046-wm-rm\/#breadcrumb"},"inLanguage":"fr-FR","potentialAction":[{"@type":"ReadAction","target":["https:\/\/energplus.com\/fr\/produit\/hea-23046-wm-rm\/"]}]},{"@type":"ImageObject","inLanguage":"fr-FR","@id":"https:\/\/energplus.com\/fr\/produit\/hea-23046-wm-rm\/#primaryimage","url":"https:\/\/energplus.com\/wp-content\/uploads\/2019\/06\/HEA-23046-WM-RM.jpg","contentUrl":"https:\/\/energplus.com\/wp-content\/uploads\/2019\/06\/HEA-23046-WM-RM.jpg","width":1000,"height":1000},{"@type":"BreadcrumbList","@id":"https:\/\/energplus.com\/fr\/produit\/hea-23046-wm-rm\/#breadcrumb","itemListElement":[{"@type":"ListItem","position":1,"name":"Home","item":"https:\/\/energplus.com\/fr\/"},{"@type":"ListItem","position":2,"name":"Chauffe-terrasse \u00e9lectrique pour l\u2019ext\u00e9rieur","item":"https:\/\/energplus.com\/fr\/categorie-produit\/chauffe-terrasse-electrique-pour-lexterieur\/"},{"@type":"ListItem","position":3,"name":"HEA-23046-WM-RM"}]},{"@type":"WebSite","@id":"\/#website","url":"\/","name":"EBI EnerG+","description":"Extend the good times","publisher":{"@id":"\/#organization"},"potentialAction":[{"@type":"SearchAction","target":{"@type":"EntryPoint","urlTemplate":"\/?s={search_term_string}"},"query-input":{"@type":"PropertyValueSpecification","valueRequired":true,"valueName":"search_term_string"}}],"inLanguage":"fr-FR"},{"@type":"Organization","@id":"\/#organization","name":"EBI EnerG+","url":"\/","logo":{"@type":"ImageObject","inLanguage":"fr-FR","@id":"\/#\/schema\/logo\/image\/","url":"https:\/\/energplus.com\/wp-content\/uploads\/2019\/10\/logo-energ.png","contentUrl":"https:\/\/energplus.com\/wp-content\/uploads\/2019\/10\/logo-energ.png","width":242,"height":97,"caption":"EBI EnerG+"},"image":{"@id":"\/#\/schema\/logo\/image\/"},"sameAs":["https:\/\/www.facebook.com\/ebidistribution"]}]}},"post_mailing_queue_ids":[],"_links":{"self":[{"href":"https:\/\/energplus.com\/fr\/wp-json\/wp\/v2\/product\/529","targetHints":{"allow":["GET"]}}],"collection":[{"href":"https:\/\/energplus.com\/fr\/wp-json\/wp\/v2\/product"}],"about":[{"href":"https:\/\/energplus.com\/fr\/wp-json\/wp\/v2\/types\/product"}],"wp:featuredmedia":[{"embeddable":true,"href":"https:\/\/energplus.com\/fr\/wp-json\/wp\/v2\/media\/530"}],"wp:attachment":[{"href":"https:\/\/energplus.com\/fr\/wp-json\/wp\/v2\/media?parent=529"}],"wp:term":[{"taxonomy":"product_brand","embeddable":true,"href":"https:\/\/energplus.com\/fr\/wp-json\/wp\/v2\/product_brand?post=529"},{"taxonomy":"product_cat","embeddable":true,"href":"https:\/\/energplus.com\/fr\/wp-json\/wp\/v2\/product_cat?post=529"},{"taxonomy":"product_tag","embeddable":true,"href":"https:\/\/energplus.com\/fr\/wp-json\/wp\/v2\/product_tag?post=529"}],"curies":[{"name":"wp","href":"https:\/\/api.w.org\/{rel}","templated":true}]}}