{"id":523,"date":"2019-06-09T16:59:22","date_gmt":"2019-06-09T16:59:22","guid":{"rendered":"https:\/\/energplus.com\/product\/hea-21545\/"},"modified":"2019-10-16T15:27:54","modified_gmt":"2019-10-16T15:27:54","slug":"hea-21545","status":"publish","type":"product","link":"https:\/\/energplus.com\/fr\/produit\/hea-21545\/","title":{"rendered":"HEA-21545"},"content":{"rendered":"<p>EnerG+ HEA-21545 utilise une nouvelle ampoule dor\u00e9e propre et inodore. Elle est totalement s\u00e9curitaire pour la famille, les amis et les proches. Elle est id\u00e9ale pour : patios, balcons ext\u00e9rieurs, garages, \u00e9tabli, etc. Tr\u00e8s d\u00e9corative, elle se m\u00eale \u00e9l\u00e9gamment \u00e0 votre environnement. Elle est beaucoup moins ch\u00e8re \u00e0 utiliser qu\u2019une chaufferette au propane. Elle est aussi beaucoup plus pratique. S\u00e9curitaire et respectueuse de l\u2019environnement. Aucune \u00e9mission de monoxyde de carbone.<\/p>\n<ul>\n<li>Elle produit une puissance de 1500 watts (5100 BTU). Elle est aussi conforme au standard \u00e9lectrique cETLus<\/li>\n<li>Sa nouvelle ampoule DOR\u00c9E produit plus de chaleur que les autres chaufferettes qui utilisent des<br \/> filaments de carbone<\/li>\n<li>Elle se branche dans une prise murale de 120 volts, 60Hz standard<\/li>\n<li>Elle est prot\u00e9g\u00e9e contre les pluies et la poussi\u00e8re (certifi\u00e9e IP44)<\/li>\n<li>Elle utilise une ampoule filamentaire au carbone \u00e0 infrarouge de longue dur\u00e9e de vie (5000 heures)<\/li>\n<li>Elle est peu affect\u00e9e par le vent et est totalement silencieuse<\/li>\n<li>Elle est fournie avec bras articul\u00e9 de montage et un tr\u00e8s beau module pour une installation suspendue<\/li>\n<li>Une t\u00e9l\u00e9commande tr\u00e8s pratique est aussi fournie<\/li>\n<\/ul>\n","protected":false},"excerpt":{"rendered":"<p>EnerG+ HEA-21545 utilise une nouvelle ampoule dor\u00e9e propre et inodore. Elle est totalement s\u00e9curitaire pour la famille, les amis et les proches. Elle est id\u00e9ale pour : patios, balcons ext\u00e9rieurs, garages, \u00e9tabli, etc. Tr\u00e8s d\u00e9corative, elle se m\u00eale \u00e9l\u00e9gamment \u00e0 votre environnement. Elle est beaucoup moins ch\u00e8re \u00e0 utiliser qu\u2019une chaufferette au propane. Elle est [&hellip;]<\/p>\n","protected":false},"featured_media":524,"template":"","meta":{"_acf_changed":false},"product_brand":[],"product_cat":[140],"product_tag":[],"class_list":{"0":"post-523","1":"product","2":"type-product","3":"status-publish","4":"has-post-thumbnail","6":"product_cat-chauffe-terrasse-electrique-pour-lexterieur","8":"first","9":"instock","10":"shipping-taxable","11":"purchasable","12":"product-type-simple"},"acf":[],"yoast_head":"<!-- This site is optimized with the Yoast SEO plugin v25.6 - https:\/\/yoast.com\/wordpress\/plugins\/seo\/ -->\n<title>HEA-21545 | EBI EnerG+<\/title>\n<meta name=\"robots\" content=\"index, follow, max-snippet:-1, max-image-preview:large, max-video-preview:-1\" \/>\n<link rel=\"canonical\" href=\"https:\/\/energplus.com\/fr\/produit\/hea-21545\/\" \/>\n<meta property=\"og:locale\" content=\"fr_FR\" \/>\n<meta property=\"og:type\" content=\"article\" \/>\n<meta property=\"og:title\" content=\"HEA-21545 | EBI EnerG+\" \/>\n<meta property=\"og:description\" content=\"EnerG+ HEA-21545 utilise une nouvelle ampoule dor\u00e9e propre et inodore. Elle est totalement s\u00e9curitaire pour la famille, les amis et les proches. Elle est id\u00e9ale pour : patios, balcons ext\u00e9rieurs, garages, \u00e9tabli, etc. Tr\u00e8s d\u00e9corative, elle se m\u00eale \u00e9l\u00e9gamment \u00e0 votre environnement. Elle est beaucoup moins ch\u00e8re \u00e0 utiliser qu\u2019une chaufferette au propane. Elle est [&hellip;]\" \/>\n<meta property=\"og:url\" content=\"https:\/\/energplus.com\/fr\/produit\/hea-21545\/\" \/>\n<meta property=\"og:site_name\" content=\"EBI EnerG+\" \/>\n<meta property=\"article:publisher\" content=\"https:\/\/www.facebook.com\/ebidistribution\" \/>\n<meta property=\"article:modified_time\" content=\"2019-10-16T15:27:54+00:00\" \/>\n<meta property=\"og:image\" content=\"https:\/\/energplus.com\/wp-content\/uploads\/2019\/06\/HEA-21545.jpg\" \/>\n\t<meta property=\"og:image:width\" content=\"1000\" \/>\n\t<meta property=\"og:image:height\" content=\"1000\" \/>\n\t<meta property=\"og:image:type\" content=\"image\/jpeg\" \/>\n<meta name=\"twitter:card\" content=\"summary_large_image\" \/>\n<meta name=\"twitter:label1\" content=\"Dur\u00e9e de lecture estim\u00e9e\" \/>\n\t<meta name=\"twitter:data1\" content=\"1 minute\" \/>\n<script type=\"application\/ld+json\" class=\"yoast-schema-graph\">{\"@context\":\"https:\/\/schema.org\",\"@graph\":[{\"@type\":\"WebPage\",\"@id\":\"https:\/\/energplus.com\/fr\/produit\/hea-21545\/\",\"url\":\"https:\/\/energplus.com\/fr\/produit\/hea-21545\/\",\"name\":\"HEA-21545 | EBI EnerG+\",\"isPartOf\":{\"@id\":\"\/#website\"},\"primaryImageOfPage\":{\"@id\":\"https:\/\/energplus.com\/fr\/produit\/hea-21545\/#primaryimage\"},\"image\":{\"@id\":\"https:\/\/energplus.com\/fr\/produit\/hea-21545\/#primaryimage\"},\"thumbnailUrl\":\"https:\/\/energplus.com\/wp-content\/uploads\/2019\/06\/HEA-21545.jpg\",\"datePublished\":\"2019-06-09T16:59:22+00:00\",\"dateModified\":\"2019-10-16T15:27:54+00:00\",\"breadcrumb\":{\"@id\":\"https:\/\/energplus.com\/fr\/produit\/hea-21545\/#breadcrumb\"},\"inLanguage\":\"fr-FR\",\"potentialAction\":[{\"@type\":\"ReadAction\",\"target\":[\"https:\/\/energplus.com\/fr\/produit\/hea-21545\/\"]}]},{\"@type\":\"ImageObject\",\"inLanguage\":\"fr-FR\",\"@id\":\"https:\/\/energplus.com\/fr\/produit\/hea-21545\/#primaryimage\",\"url\":\"https:\/\/energplus.com\/wp-content\/uploads\/2019\/06\/HEA-21545.jpg\",\"contentUrl\":\"https:\/\/energplus.com\/wp-content\/uploads\/2019\/06\/HEA-21545.jpg\",\"width\":1000,\"height\":1000},{\"@type\":\"BreadcrumbList\",\"@id\":\"https:\/\/energplus.com\/fr\/produit\/hea-21545\/#breadcrumb\",\"itemListElement\":[{\"@type\":\"ListItem\",\"position\":1,\"name\":\"Home\",\"item\":\"https:\/\/energplus.com\/fr\/\"},{\"@type\":\"ListItem\",\"position\":2,\"name\":\"Chauffe-terrasse \u00e9lectrique pour l\u2019ext\u00e9rieur\",\"item\":\"https:\/\/energplus.com\/fr\/categorie-produit\/chauffe-terrasse-electrique-pour-lexterieur\/\"},{\"@type\":\"ListItem\",\"position\":3,\"name\":\"HEA-21545\"}]},{\"@type\":\"WebSite\",\"@id\":\"\/#website\",\"url\":\"\/\",\"name\":\"EBI EnerG+\",\"description\":\"Extend the good times\",\"publisher\":{\"@id\":\"\/#organization\"},\"potentialAction\":[{\"@type\":\"SearchAction\",\"target\":{\"@type\":\"EntryPoint\",\"urlTemplate\":\"\/?s={search_term_string}\"},\"query-input\":{\"@type\":\"PropertyValueSpecification\",\"valueRequired\":true,\"valueName\":\"search_term_string\"}}],\"inLanguage\":\"fr-FR\"},{\"@type\":\"Organization\",\"@id\":\"\/#organization\",\"name\":\"EBI EnerG+\",\"url\":\"\/\",\"logo\":{\"@type\":\"ImageObject\",\"inLanguage\":\"fr-FR\",\"@id\":\"\/#\/schema\/logo\/image\/\",\"url\":\"https:\/\/energplus.com\/wp-content\/uploads\/2019\/10\/logo-energ.png\",\"contentUrl\":\"https:\/\/energplus.com\/wp-content\/uploads\/2019\/10\/logo-energ.png\",\"width\":242,\"height\":97,\"caption\":\"EBI EnerG+\"},\"image\":{\"@id\":\"\/#\/schema\/logo\/image\/\"},\"sameAs\":[\"https:\/\/www.facebook.com\/ebidistribution\"]}]}<\/script>\n<!-- \/ Yoast SEO plugin. -->","yoast_head_json":{"title":"HEA-21545 | EBI EnerG+","robots":{"index":"index","follow":"follow","max-snippet":"max-snippet:-1","max-image-preview":"max-image-preview:large","max-video-preview":"max-video-preview:-1"},"canonical":"https:\/\/energplus.com\/fr\/produit\/hea-21545\/","og_locale":"fr_FR","og_type":"article","og_title":"HEA-21545 | EBI EnerG+","og_description":"EnerG+ HEA-21545 utilise une nouvelle ampoule dor\u00e9e propre et inodore. Elle est totalement s\u00e9curitaire pour la famille, les amis et les proches. Elle est id\u00e9ale pour : patios, balcons ext\u00e9rieurs, garages, \u00e9tabli, etc. Tr\u00e8s d\u00e9corative, elle se m\u00eale \u00e9l\u00e9gamment \u00e0 votre environnement. Elle est beaucoup moins ch\u00e8re \u00e0 utiliser qu\u2019une chaufferette au propane. Elle est [&hellip;]","og_url":"https:\/\/energplus.com\/fr\/produit\/hea-21545\/","og_site_name":"EBI EnerG+","article_publisher":"https:\/\/www.facebook.com\/ebidistribution","article_modified_time":"2019-10-16T15:27:54+00:00","og_image":[{"width":1000,"height":1000,"url":"https:\/\/energplus.com\/wp-content\/uploads\/2019\/06\/HEA-21545.jpg","type":"image\/jpeg"}],"twitter_card":"summary_large_image","twitter_misc":{"Dur\u00e9e de lecture estim\u00e9e":"1 minute"},"schema":{"@context":"https:\/\/schema.org","@graph":[{"@type":"WebPage","@id":"https:\/\/energplus.com\/fr\/produit\/hea-21545\/","url":"https:\/\/energplus.com\/fr\/produit\/hea-21545\/","name":"HEA-21545 | EBI EnerG+","isPartOf":{"@id":"\/#website"},"primaryImageOfPage":{"@id":"https:\/\/energplus.com\/fr\/produit\/hea-21545\/#primaryimage"},"image":{"@id":"https:\/\/energplus.com\/fr\/produit\/hea-21545\/#primaryimage"},"thumbnailUrl":"https:\/\/energplus.com\/wp-content\/uploads\/2019\/06\/HEA-21545.jpg","datePublished":"2019-06-09T16:59:22+00:00","dateModified":"2019-10-16T15:27:54+00:00","breadcrumb":{"@id":"https:\/\/energplus.com\/fr\/produit\/hea-21545\/#breadcrumb"},"inLanguage":"fr-FR","potentialAction":[{"@type":"ReadAction","target":["https:\/\/energplus.com\/fr\/produit\/hea-21545\/"]}]},{"@type":"ImageObject","inLanguage":"fr-FR","@id":"https:\/\/energplus.com\/fr\/produit\/hea-21545\/#primaryimage","url":"https:\/\/energplus.com\/wp-content\/uploads\/2019\/06\/HEA-21545.jpg","contentUrl":"https:\/\/energplus.com\/wp-content\/uploads\/2019\/06\/HEA-21545.jpg","width":1000,"height":1000},{"@type":"BreadcrumbList","@id":"https:\/\/energplus.com\/fr\/produit\/hea-21545\/#breadcrumb","itemListElement":[{"@type":"ListItem","position":1,"name":"Home","item":"https:\/\/energplus.com\/fr\/"},{"@type":"ListItem","position":2,"name":"Chauffe-terrasse \u00e9lectrique pour l\u2019ext\u00e9rieur","item":"https:\/\/energplus.com\/fr\/categorie-produit\/chauffe-terrasse-electrique-pour-lexterieur\/"},{"@type":"ListItem","position":3,"name":"HEA-21545"}]},{"@type":"WebSite","@id":"\/#website","url":"\/","name":"EBI EnerG+","description":"Extend the good times","publisher":{"@id":"\/#organization"},"potentialAction":[{"@type":"SearchAction","target":{"@type":"EntryPoint","urlTemplate":"\/?s={search_term_string}"},"query-input":{"@type":"PropertyValueSpecification","valueRequired":true,"valueName":"search_term_string"}}],"inLanguage":"fr-FR"},{"@type":"Organization","@id":"\/#organization","name":"EBI EnerG+","url":"\/","logo":{"@type":"ImageObject","inLanguage":"fr-FR","@id":"\/#\/schema\/logo\/image\/","url":"https:\/\/energplus.com\/wp-content\/uploads\/2019\/10\/logo-energ.png","contentUrl":"https:\/\/energplus.com\/wp-content\/uploads\/2019\/10\/logo-energ.png","width":242,"height":97,"caption":"EBI EnerG+"},"image":{"@id":"\/#\/schema\/logo\/image\/"},"sameAs":["https:\/\/www.facebook.com\/ebidistribution"]}]}},"post_mailing_queue_ids":[],"_links":{"self":[{"href":"https:\/\/energplus.com\/fr\/wp-json\/wp\/v2\/product\/523","targetHints":{"allow":["GET"]}}],"collection":[{"href":"https:\/\/energplus.com\/fr\/wp-json\/wp\/v2\/product"}],"about":[{"href":"https:\/\/energplus.com\/fr\/wp-json\/wp\/v2\/types\/product"}],"wp:featuredmedia":[{"embeddable":true,"href":"https:\/\/energplus.com\/fr\/wp-json\/wp\/v2\/media\/524"}],"wp:attachment":[{"href":"https:\/\/energplus.com\/fr\/wp-json\/wp\/v2\/media?parent=523"}],"wp:term":[{"taxonomy":"product_brand","embeddable":true,"href":"https:\/\/energplus.com\/fr\/wp-json\/wp\/v2\/product_brand?post=523"},{"taxonomy":"product_cat","embeddable":true,"href":"https:\/\/energplus.com\/fr\/wp-json\/wp\/v2\/product_cat?post=523"},{"taxonomy":"product_tag","embeddable":true,"href":"https:\/\/energplus.com\/fr\/wp-json\/wp\/v2\/product_tag?post=523"}],"curies":[{"name":"wp","href":"https:\/\/api.w.org\/{rel}","templated":true}]}}