{"id":739,"date":"2019-05-17T15:11:32","date_gmt":"2019-05-17T15:11:32","guid":{"rendered":"https:\/\/energplus.com\/medias\/"},"modified":"2019-10-10T15:22:32","modified_gmt":"2019-10-10T15:22:32","slug":"medias","status":"publish","type":"page","link":"https:\/\/energplus.com\/fr\/medias\/","title":{"rendered":"M\u00e9dias"},"content":{"rendered":"<div class=\"bloglistingelm\">\r\n\t<div class=\"imgholder\">\r\n\t\t<a class=\"postimage\" href=\"https:\/\/energplus.com\/fr\/energ-prolongez-votre-ete\/\" style=\"background-image:url(https:\/\/energplus.com\/wp-content\/uploads\/2020\/05\/Energ-1024x572.png)\">\r\n\t\t<\/a>\r\n\t<\/div>\r\n\t<div class=\"content\">\r\n\t\t<a class=\"postitle\" href=\"https:\/\/energplus.com\/fr\/energ-prolongez-votre-ete\/\">Energ+ Prolongez votre \u00e9t\u00e9<\/a> \r\n\t\t<div class=\"sep\"><\/div>\r\n\t\t<p class=\"text\">\r\n\t\t\t \r\n\t\t<\/p>\r\n\t\t<a class=\"readmore\" href=\"https:\/\/energplus.com\/fr\/energ-prolongez-votre-ete\/\">Read more...<\/a>\r\n\t<\/div>\r\n\t<div class=\"clear\"><\/div>\r\n<\/div><div class=\"bloglistingelm\">\r\n\t<div class=\"imgholder\">\r\n\t\t<a class=\"postimage\" href=\"https:\/\/energplus.com\/fr\/solar-energy-benefits\/\" style=\"background-image:url(https:\/\/energplus.com\/wp-content\/uploads\/2019\/05\/youtube-thumb-1-1024x681.jpg)\">\r\n\t\t<\/a>\r\n\t<\/div>\r\n\t<div class=\"content\">\r\n\t\t<a class=\"postitle\" href=\"https:\/\/energplus.com\/fr\/solar-energy-benefits\/\">Les b\u00e9n\u00e9fices de l'\u00e9nergie solaire<\/a> \r\n\t\t<div class=\"sep\"><\/div>\r\n\t\t<p class=\"text\">\r\n\t\t\t \r\n\t\t<\/p>\r\n\t\t<a class=\"readmore\" href=\"https:\/\/energplus.com\/fr\/solar-energy-benefits\/\">Read more...<\/a>\r\n\t<\/div>\r\n\t<div class=\"clear\"><\/div>\r\n<\/div><div class=\"bloglistingelm\">\r\n\t<div class=\"imgholder\">\r\n\t\t<a class=\"postimage\" href=\"https:\/\/energplus.com\/fr\/solar-energy-benefits-2-2-2\/\" style=\"background-image:url(https:\/\/energplus.com\/wp-content\/uploads\/2019\/08\/photo-1458007683879-47560d7e33c3-1024x705.jpeg)\">\r\n\t\t<\/a>\r\n\t<\/div>\r\n\t<div class=\"content\">\r\n\t\t<a class=\"postitle\" href=\"https:\/\/energplus.com\/fr\/solar-energy-benefits-2-2-2\/\">Proc\u00e9dure de charge de la batterie 6 volts<\/a> \r\n\t\t<div class=\"sep\"><\/div>\r\n\t\t<p class=\"text\">\r\n\t\t\t \r\n\t\t<\/p>\r\n\t\t<a class=\"readmore\" href=\"https:\/\/energplus.com\/fr\/solar-energy-benefits-2-2-2\/\">Read more...<\/a>\r\n\t<\/div>\r\n\t<div class=\"clear\"><\/div>\r\n<\/div><div class=\"bloglistingelm\">\r\n\t<div class=\"imgholder\">\r\n\t\t<a class=\"postimage\" href=\"https:\/\/energplus.com\/fr\/solar-energy-benefits-2\/\" style=\"background-image:url(https:\/\/energplus.com\/wp-content\/uploads\/2019\/08\/Is-Your-Home-or-Business-Right-for-Solar-Panel-Installation-724x362.jpg)\">\r\n\t\t<\/a>\r\n\t<\/div>\r\n\t<div class=\"content\">\r\n\t\t<a class=\"postitle\" href=\"https:\/\/energplus.com\/fr\/solar-energy-benefits-2\/\">Installation de l'\u00e9nergie solaire<\/a> \r\n\t\t<div class=\"sep\"><\/div>\r\n\t\t<p class=\"text\">\r\n\t\t\t \r\n\t\t<\/p>\r\n\t\t<a class=\"readmore\" href=\"https:\/\/energplus.com\/fr\/solar-energy-benefits-2\/\">Read more...<\/a>\r\n\t<\/div>\r\n\t<div class=\"clear\"><\/div>\r\n<\/div><div class=\"bloglistingelm\">\r\n\t<div class=\"imgholder\">\r\n\t\t<a class=\"postimage\" href=\"https:\/\/energplus.com\/fr\/solar-energy-benefits-2-2\/\" style=\"background-image:url(https:\/\/energplus.com\/wp-content\/uploads\/2019\/08\/GettyImages-603713295-59ab1d639abed50011ef7774.jpg)\">\r\n\t\t<\/a>\r\n\t<\/div>\r\n\t<div class=\"content\">\r\n\t\t<a class=\"postitle\" href=\"https:\/\/energplus.com\/fr\/solar-energy-benefits-2-2\/\">Proc\u00e9dure de charge de la batterie 12 volts<\/a> \r\n\t\t<div class=\"sep\"><\/div>\r\n\t\t<p class=\"text\">\r\n\t\t\t \r\n\t\t<\/p>\r\n\t\t<a class=\"readmore\" href=\"https:\/\/energplus.com\/fr\/solar-energy-benefits-2-2\/\">Read more...<\/a>\r\n\t<\/div>\r\n\t<div class=\"clear\"><\/div>\r\n<\/div>\n","protected":false},"excerpt":{"rendered":"","protected":false},"author":4,"featured_media":0,"parent":0,"menu_order":0,"comment_status":"closed","ping_status":"closed","template":"","meta":{"_acf_changed":false,"footnotes":""},"class_list":["post-739","page","type-page","status-publish","hentry"],"acf":[],"yoast_head":"<!-- This site is optimized with the Yoast SEO plugin v25.6 - https:\/\/yoast.com\/wordpress\/plugins\/seo\/ -->\n<title>M\u00e9dias | EBI EnerG+<\/title>\n<meta name=\"robots\" content=\"index, follow, max-snippet:-1, max-image-preview:large, max-video-preview:-1\" \/>\n<link rel=\"canonical\" href=\"https:\/\/energplus.com\/fr\/medias\/\" \/>\n<meta property=\"og:locale\" content=\"fr_FR\" \/>\n<meta property=\"og:type\" content=\"article\" \/>\n<meta property=\"og:title\" content=\"M\u00e9dias | EBI EnerG+\" \/>\n<meta property=\"og:url\" content=\"https:\/\/energplus.com\/fr\/medias\/\" \/>\n<meta property=\"og:site_name\" content=\"EBI EnerG+\" \/>\n<meta property=\"article:publisher\" content=\"https:\/\/www.facebook.com\/ebidistribution\" \/>\n<meta property=\"article:modified_time\" content=\"2019-10-10T15:22:32+00:00\" \/>\n<meta name=\"twitter:card\" content=\"summary_large_image\" \/>\n<script type=\"application\/ld+json\" class=\"yoast-schema-graph\">{\"@context\":\"https:\/\/schema.org\",\"@graph\":[{\"@type\":\"WebPage\",\"@id\":\"https:\/\/energplus.com\/fr\/medias\/\",\"url\":\"https:\/\/energplus.com\/fr\/medias\/\",\"name\":\"M\u00e9dias | EBI EnerG+\",\"isPartOf\":{\"@id\":\"\/#website\"},\"datePublished\":\"2019-05-17T15:11:32+00:00\",\"dateModified\":\"2019-10-10T15:22:32+00:00\",\"breadcrumb\":{\"@id\":\"https:\/\/energplus.com\/fr\/medias\/#breadcrumb\"},\"inLanguage\":\"fr-FR\",\"potentialAction\":[{\"@type\":\"ReadAction\",\"target\":[\"https:\/\/energplus.com\/fr\/medias\/\"]}]},{\"@type\":\"BreadcrumbList\",\"@id\":\"https:\/\/energplus.com\/fr\/medias\/#breadcrumb\",\"itemListElement\":[{\"@type\":\"ListItem\",\"position\":1,\"name\":\"Home\",\"item\":\"https:\/\/energplus.com\/fr\/\"},{\"@type\":\"ListItem\",\"position\":2,\"name\":\"M\u00e9dias\"}]},{\"@type\":\"WebSite\",\"@id\":\"\/#website\",\"url\":\"\/\",\"name\":\"EBI EnerG+\",\"description\":\"Extend the good times\",\"publisher\":{\"@id\":\"\/#organization\"},\"potentialAction\":[{\"@type\":\"SearchAction\",\"target\":{\"@type\":\"EntryPoint\",\"urlTemplate\":\"\/?s={search_term_string}\"},\"query-input\":{\"@type\":\"PropertyValueSpecification\",\"valueRequired\":true,\"valueName\":\"search_term_string\"}}],\"inLanguage\":\"fr-FR\"},{\"@type\":\"Organization\",\"@id\":\"\/#organization\",\"name\":\"EBI EnerG+\",\"url\":\"\/\",\"logo\":{\"@type\":\"ImageObject\",\"inLanguage\":\"fr-FR\",\"@id\":\"\/#\/schema\/logo\/image\/\",\"url\":\"https:\/\/energplus.com\/wp-content\/uploads\/2019\/10\/logo-energ.png\",\"contentUrl\":\"https:\/\/energplus.com\/wp-content\/uploads\/2019\/10\/logo-energ.png\",\"width\":242,\"height\":97,\"caption\":\"EBI EnerG+\"},\"image\":{\"@id\":\"\/#\/schema\/logo\/image\/\"},\"sameAs\":[\"https:\/\/www.facebook.com\/ebidistribution\"]}]}<\/script>\n<!-- \/ Yoast SEO plugin. -->","yoast_head_json":{"title":"M\u00e9dias | EBI EnerG+","robots":{"index":"index","follow":"follow","max-snippet":"max-snippet:-1","max-image-preview":"max-image-preview:large","max-video-preview":"max-video-preview:-1"},"canonical":"https:\/\/energplus.com\/fr\/medias\/","og_locale":"fr_FR","og_type":"article","og_title":"M\u00e9dias | EBI EnerG+","og_url":"https:\/\/energplus.com\/fr\/medias\/","og_site_name":"EBI EnerG+","article_publisher":"https:\/\/www.facebook.com\/ebidistribution","article_modified_time":"2019-10-10T15:22:32+00:00","twitter_card":"summary_large_image","schema":{"@context":"https:\/\/schema.org","@graph":[{"@type":"WebPage","@id":"https:\/\/energplus.com\/fr\/medias\/","url":"https:\/\/energplus.com\/fr\/medias\/","name":"M\u00e9dias | EBI EnerG+","isPartOf":{"@id":"\/#website"},"datePublished":"2019-05-17T15:11:32+00:00","dateModified":"2019-10-10T15:22:32+00:00","breadcrumb":{"@id":"https:\/\/energplus.com\/fr\/medias\/#breadcrumb"},"inLanguage":"fr-FR","potentialAction":[{"@type":"ReadAction","target":["https:\/\/energplus.com\/fr\/medias\/"]}]},{"@type":"BreadcrumbList","@id":"https:\/\/energplus.com\/fr\/medias\/#breadcrumb","itemListElement":[{"@type":"ListItem","position":1,"name":"Home","item":"https:\/\/energplus.com\/fr\/"},{"@type":"ListItem","position":2,"name":"M\u00e9dias"}]},{"@type":"WebSite","@id":"\/#website","url":"\/","name":"EBI EnerG+","description":"Extend the good times","publisher":{"@id":"\/#organization"},"potentialAction":[{"@type":"SearchAction","target":{"@type":"EntryPoint","urlTemplate":"\/?s={search_term_string}"},"query-input":{"@type":"PropertyValueSpecification","valueRequired":true,"valueName":"search_term_string"}}],"inLanguage":"fr-FR"},{"@type":"Organization","@id":"\/#organization","name":"EBI EnerG+","url":"\/","logo":{"@type":"ImageObject","inLanguage":"fr-FR","@id":"\/#\/schema\/logo\/image\/","url":"https:\/\/energplus.com\/wp-content\/uploads\/2019\/10\/logo-energ.png","contentUrl":"https:\/\/energplus.com\/wp-content\/uploads\/2019\/10\/logo-energ.png","width":242,"height":97,"caption":"EBI EnerG+"},"image":{"@id":"\/#\/schema\/logo\/image\/"},"sameAs":["https:\/\/www.facebook.com\/ebidistribution"]}]}},"post_mailing_queue_ids":[],"_links":{"self":[{"href":"https:\/\/energplus.com\/fr\/wp-json\/wp\/v2\/pages\/739","targetHints":{"allow":["GET"]}}],"collection":[{"href":"https:\/\/energplus.com\/fr\/wp-json\/wp\/v2\/pages"}],"about":[{"href":"https:\/\/energplus.com\/fr\/wp-json\/wp\/v2\/types\/page"}],"author":[{"embeddable":true,"href":"https:\/\/energplus.com\/fr\/wp-json\/wp\/v2\/users\/4"}],"replies":[{"embeddable":true,"href":"https:\/\/energplus.com\/fr\/wp-json\/wp\/v2\/comments?post=739"}],"version-history":[{"count":0,"href":"https:\/\/energplus.com\/fr\/wp-json\/wp\/v2\/pages\/739\/revisions"}],"wp:attachment":[{"href":"https:\/\/energplus.com\/fr\/wp-json\/wp\/v2\/media?parent=739"}],"curies":[{"name":"wp","href":"https:\/\/api.w.org\/{rel}","templated":true}]}}